{"id":82,"date":"2017-06-14T19:20:08","date_gmt":"2017-06-14T17:20:08","guid":{"rendered":"http:\/\/www.buchstart.at\/materialien\/?post_type=product&#038;p=82"},"modified":"2024-11-13T09:09:44","modified_gmt":"2024-11-13T08:09:44","slug":"buchstart-infobroschuere","status":"publish","type":"product","link":"https:\/\/www.buchstart.at\/materialien\/?product=buchstart-infobroschuere","title":{"rendered":"Buchstart-Infobrosch\u00fcre (Download)"},"content":{"rendered":"<p>: eine anregende Brosch\u00fcre als Hinf\u00fchrung zur Buchstart-Idee und Tipps zur Umsetzung.<\/p>\n<p>\u00bb\u00bb\u00bb <a href=\"https:\/\/www.biblio.at\/medien\/pdf\/Buchstart_Broschuere.pdf\" target=\"_blank\" rel=\"noopener noreferrer\">kostenloser Download<\/a> (PDF, 32 Seiten, 2 MB)<\/p>\n","protected":false},"excerpt":{"rendered":"<p>: eine anregende Brosch\u00fcre als Hinf\u00fchrung zur Buchstart-Idee und Tipps zur Umsetzung. \u00bb\u00bb\u00bb kostenloser Download (PDF, 32 Seiten, 2 MB)<\/p>\n","protected":false},"featured_media":222,"template":"","meta":[],"product_cat":[38],"product_tag":[],"_links":{"self":[{"href":"https:\/\/www.buchstart.at\/materialien\/index.php?rest_route=\/wp\/v2\/product\/82"}],"collection":[{"href":"https:\/\/www.buchstart.at\/materialien\/index.php?rest_route=\/wp\/v2\/product"}],"about":[{"href":"https:\/\/www.buchstart.at\/materialien\/index.php?rest_route=\/wp\/v2\/types\/product"}],"wp:featuredmedia":[{"embeddable":true,"href":"https:\/\/www.buchstart.at\/materialien\/index.php?rest_route=\/wp\/v2\/media\/222"}],"wp:attachment":[{"href":"https:\/\/www.buchstart.at\/materialien\/index.php?rest_route=%2Fwp%2Fv2%2Fmedia&parent=82"}],"wp:term":[{"taxonomy":"product_cat","embeddable":true,"href":"https:\/\/www.buchstart.at\/materialien\/index.php?rest_route=%2Fwp%2Fv2%2Fproduct_cat&post=82"},{"taxonomy":"product_tag","embeddable":true,"href":"https:\/\/www.buchstart.at\/materialien\/index.php?rest_route=%2Fwp%2Fv2%2Fproduct_tag&post=82"}],"curies":[{"name":"wp","href":"https:\/\/api.w.org\/{rel}","templated":true}]}}