{"id":79,"date":"2017-06-12T18:56:08","date_gmt":"2017-06-12T16:56:08","guid":{"rendered":"http:\/\/www.buchstart.at\/materialien\/?post_type=product&#038;p=79"},"modified":"2023-02-20T14:27:46","modified_gmt":"2023-02-20T13:27:46","slug":"buchstart-elternbroschuere-mehrsprachig","status":"publish","type":"product","link":"https:\/\/www.buchstart.at\/materialien\/?product=buchstart-elternbroschuere-mehrsprachig","title":{"rendered":"Buchstart-Elternbrosch\u00fcre mehrsprachig, 10 St\u00fcck"},"content":{"rendered":"<p>: Vorlesetipps, Impulse und Hinweise f\u00fcr die Eltern zum Einstieg in die Welt des Vorlesens und Erz\u00e4hlens<br \/>\n28 Seiten, 210 x 148 mm,<br \/>\nSprachen: Deutsch, Bosnisch, Kroatisch, Serbisch, T\u00fcrkisch, Englisch, Arabisch<\/p>\n<p>&nbsp;<\/p>\n<p>&nbsp;<\/p>\n","protected":false},"excerpt":{"rendered":"<p>28 Seiten, 210 x 148 mm<\/p>\n<p>&nbsp;<\/p>\n","protected":false},"featured_media":239,"template":"","meta":[],"product_cat":[69],"product_tag":[],"_links":{"self":[{"href":"https:\/\/www.buchstart.at\/materialien\/index.php?rest_route=\/wp\/v2\/product\/79"}],"collection":[{"href":"https:\/\/www.buchstart.at\/materialien\/index.php?rest_route=\/wp\/v2\/product"}],"about":[{"href":"https:\/\/www.buchstart.at\/materialien\/index.php?rest_route=\/wp\/v2\/types\/product"}],"wp:featuredmedia":[{"embeddable":true,"href":"https:\/\/www.buchstart.at\/materialien\/index.php?rest_route=\/wp\/v2\/media\/239"}],"wp:attachment":[{"href":"https:\/\/www.buchstart.at\/materialien\/index.php?rest_route=%2Fwp%2Fv2%2Fmedia&parent=79"}],"wp:term":[{"taxonomy":"product_cat","embeddable":true,"href":"https:\/\/www.buchstart.at\/materialien\/index.php?rest_route=%2Fwp%2Fv2%2Fproduct_cat&post=79"},{"taxonomy":"product_tag","embeddable":true,"href":"https:\/\/www.buchstart.at\/materialien\/index.php?rest_route=%2Fwp%2Fv2%2Fproduct_tag&post=79"}],"curies":[{"name":"wp","href":"https:\/\/api.w.org\/{rel}","templated":true}]}}