{"id":73,"date":"2017-06-12T18:39:29","date_gmt":"2017-06-12T16:39:29","guid":{"rendered":"http:\/\/www.buchstart.at\/materialien\/?post_type=product&#038;p=73"},"modified":"2024-07-01T13:30:58","modified_gmt":"2024-07-01T11:30:58","slug":"biblio-leseschritte-10-stk","status":"publish","type":"product","link":"https:\/\/www.buchstart.at\/materialien\/?product=biblio-leseschritte-10-stk","title":{"rendered":"biblio Lese-Schritte (10 Stk.)"},"content":{"rendered":"<p>Die attraktiven Leporellos zeigen die vielf\u00e4ltigen Entwicklungsstufen, die Kinder auf ihrem Weg in die Sprache und in die Welt des Lesens durchschreiten.<\/p>\n<p>Auf der Vorderseite werden diese Entwicklungsschritte mit kleinen Textbausteinen und Illustrationen von Helga Bansch nachgezeichnet. Auf der R\u00fcckseite finden sich kurze Texte, in denen diese Entwicklungen beschrieben werden. Diese Leporellos eignen sich hervorragend als Gespr\u00e4chseinstieg zum Thema Sprachentwicklung und Lesef\u00f6rderung und sind somit in Eltern-Kind-Gruppen, Kinderg\u00e4rten und \u00d6ffentlichen Bibliotheken am richtigen Platz. Zudem bilden sie ein Element in den biblio Lese-Schatzkisten.<\/p>\n<p>Das Konzept f\u00fcr die Lese-Schritte-Leporellos stammt von Christine K\u00fcgerl, im <a href=\"http:\/\/www.biblio.at\/blog\/?p=67\" target=\"_blank\" rel=\"noopener noreferrer\">biblio-blog<\/a> gibt sie Einblick in ihre \u00dcberlegungen.<\/p>\n<p>Format ge\u00f6ffnet: 148 x 840 mm<\/p>\n<p>Verweise: Leseschritte, biblio-Leseschritte<\/p>\n","protected":false},"excerpt":{"rendered":"<p>Packung zu 10 St\u00fcck, Format ge\u00f6ffnet: 148 x 840 mm<\/p>\n","protected":false},"featured_media":248,"template":"","meta":[],"product_cat":[34],"product_tag":[],"_links":{"self":[{"href":"https:\/\/www.buchstart.at\/materialien\/index.php?rest_route=\/wp\/v2\/product\/73"}],"collection":[{"href":"https:\/\/www.buchstart.at\/materialien\/index.php?rest_route=\/wp\/v2\/product"}],"about":[{"href":"https:\/\/www.buchstart.at\/materialien\/index.php?rest_route=\/wp\/v2\/types\/product"}],"wp:featuredmedia":[{"embeddable":true,"href":"https:\/\/www.buchstart.at\/materialien\/index.php?rest_route=\/wp\/v2\/media\/248"}],"wp:attachment":[{"href":"https:\/\/www.buchstart.at\/materialien\/index.php?rest_route=%2Fwp%2Fv2%2Fmedia&parent=73"}],"wp:term":[{"taxonomy":"product_cat","embeddable":true,"href":"https:\/\/www.buchstart.at\/materialien\/index.php?rest_route=%2Fwp%2Fv2%2Fproduct_cat&post=73"},{"taxonomy":"product_tag","embeddable":true,"href":"https:\/\/www.buchstart.at\/materialien\/index.php?rest_route=%2Fwp%2Fv2%2Fproduct_tag&post=73"}],"curies":[{"name":"wp","href":"https:\/\/api.w.org\/{rel}","templated":true}]}}