{"id":67,"date":"2017-06-12T18:15:02","date_gmt":"2017-06-12T16:15:02","guid":{"rendered":"http:\/\/www.buchstart.at\/materialien\/?post_type=product&#038;p=67"},"modified":"2024-07-01T13:25:10","modified_gmt":"2024-07-01T11:25:10","slug":"biblio-leselatte","status":"publish","type":"product","link":"https:\/\/www.buchstart.at\/materialien\/?product=biblio-leselatte","title":{"rendered":"biblio-Leselatte"},"content":{"rendered":"<p>: der T\u00fcr\u00f6ffner und Impulsgeber aller Buchstart-Aktivit\u00e4ten, 17,7 x 101,3 cm, gefaltet, geb\u00fcndelt zu 50 St\u00fcck Leselatten<\/p>\n<p>&nbsp;<\/p>\n","protected":false},"excerpt":{"rendered":"<p>17,7 x 101,3 cm, gefaltet, Packung zu 50 St\u00fcck Leselatten<\/p>\n","protected":false},"featured_media":80,"template":"","meta":[],"product_cat":[69,34],"product_tag":[],"_links":{"self":[{"href":"https:\/\/www.buchstart.at\/materialien\/index.php?rest_route=\/wp\/v2\/product\/67"}],"collection":[{"href":"https:\/\/www.buchstart.at\/materialien\/index.php?rest_route=\/wp\/v2\/product"}],"about":[{"href":"https:\/\/www.buchstart.at\/materialien\/index.php?rest_route=\/wp\/v2\/types\/product"}],"wp:featuredmedia":[{"embeddable":true,"href":"https:\/\/www.buchstart.at\/materialien\/index.php?rest_route=\/wp\/v2\/media\/80"}],"wp:attachment":[{"href":"https:\/\/www.buchstart.at\/materialien\/index.php?rest_route=%2Fwp%2Fv2%2Fmedia&parent=67"}],"wp:term":[{"taxonomy":"product_cat","embeddable":true,"href":"https:\/\/www.buchstart.at\/materialien\/index.php?rest_route=%2Fwp%2Fv2%2Fproduct_cat&post=67"},{"taxonomy":"product_tag","embeddable":true,"href":"https:\/\/www.buchstart.at\/materialien\/index.php?rest_route=%2Fwp%2Fv2%2Fproduct_tag&post=67"}],"curies":[{"name":"wp","href":"https:\/\/api.w.org\/{rel}","templated":true}]}}