{"id":414,"date":"2017-12-06T10:53:08","date_gmt":"2017-12-06T09:53:08","guid":{"rendered":"http:\/\/www.buchstart.at\/materialien\/?post_type=product&#038;p=414"},"modified":"2020-06-05T11:41:01","modified_gmt":"2020-06-05T09:41:01","slug":"ausmalblock-lesekoenigin","status":"publish","type":"product","link":"https:\/\/www.buchstart.at\/materialien\/?product=ausmalblock-lesekoenigin","title":{"rendered":"Ausmalblock Lesek\u00f6nigIn"},"content":{"rendered":"<p>Ausmalblock &#8220;Lesek\u00f6nig&#8221; oder &#8220;Lesek\u00f6nigin&#8221;, Din A4, Querformat<\/p>\n<p>Block mit 50 Seiten<\/p>\n","protected":false},"excerpt":{"rendered":"<p>Block mit 50 Seiten<\/p>\n","protected":false},"featured_media":127,"template":"","meta":[],"product_cat":[56],"product_tag":[],"_links":{"self":[{"href":"https:\/\/www.buchstart.at\/materialien\/index.php?rest_route=\/wp\/v2\/product\/414"}],"collection":[{"href":"https:\/\/www.buchstart.at\/materialien\/index.php?rest_route=\/wp\/v2\/product"}],"about":[{"href":"https:\/\/www.buchstart.at\/materialien\/index.php?rest_route=\/wp\/v2\/types\/product"}],"wp:featuredmedia":[{"embeddable":true,"href":"https:\/\/www.buchstart.at\/materialien\/index.php?rest_route=\/wp\/v2\/media\/127"}],"wp:attachment":[{"href":"https:\/\/www.buchstart.at\/materialien\/index.php?rest_route=%2Fwp%2Fv2%2Fmedia&parent=414"}],"wp:term":[{"taxonomy":"product_cat","embeddable":true,"href":"https:\/\/www.buchstart.at\/materialien\/index.php?rest_route=%2Fwp%2Fv2%2Fproduct_cat&post=414"},{"taxonomy":"product_tag","embeddable":true,"href":"https:\/\/www.buchstart.at\/materialien\/index.php?rest_route=%2Fwp%2Fv2%2Fproduct_tag&post=414"}],"curies":[{"name":"wp","href":"https:\/\/api.w.org\/{rel}","templated":true}]}}