{"id":409,"date":"2017-12-01T15:27:17","date_gmt":"2017-12-01T14:27:17","guid":{"rendered":"http:\/\/www.buchstart.at\/materialien\/?post_type=product&#038;p=409"},"modified":"2017-12-14T08:54:06","modified_gmt":"2017-12-14T07:54:06","slug":"leon-pirat","status":"publish","type":"product","link":"https:\/\/www.buchstart.at\/materialien\/?product=leon-pirat","title":{"rendered":"Leon Pirat"},"content":{"rendered":"<p>von Christine N\u00f6stlinger und Thomas M\u00fcller:<\/p>\n<p>Wie man seine Tr\u00e4ume lebt, ohne Traditionen \u00fcber Bord zu werfen. Ab 4 Jahren<br \/>\n\/ DVD und Dias<\/p>\n<p>&nbsp;<\/p>\n<p>&nbsp;<\/p>\n<p>&nbsp;<\/p>\n<p><span style=\"color: #ff0000;\">Verleihkonditionen:<\/span><\/p>\n<p><span style=\"color: #ff0000;\">Mitgliedsbibliotheken k\u00f6nnen bis zu zwei Bilderbuchkinos gleichzeitig entlehnen. Die Entlehnfrist betr\u00e4gt 14 Tage. Bitte vermerken Sie in den Bestellnotizen bis zu welchem Zeitpunkt das Bilderbuchkino bei Ihnen eingelangt sein sollte. Nach Absenden Ihrer Anfrage pr\u00fcfen wir die Verf\u00fcgbarkeit und senden Ihnen ein Best\u00e4tigungsmail. Die Kosten f\u00fcr die Zusendung \u00fcbernimmt das \u00d6sterreichische Bibliothekswerk, das Porto f\u00fcr die R\u00fccksendung tr\u00e4gt Ihre Bibliothek.<\/span><\/p>\n","protected":false},"excerpt":{"rendered":"<p>Verleih<\/p>\n","protected":false},"featured_media":410,"template":"","meta":[],"product_cat":[54,53],"product_tag":[],"_links":{"self":[{"href":"https:\/\/www.buchstart.at\/materialien\/index.php?rest_route=\/wp\/v2\/product\/409"}],"collection":[{"href":"https:\/\/www.buchstart.at\/materialien\/index.php?rest_route=\/wp\/v2\/product"}],"about":[{"href":"https:\/\/www.buchstart.at\/materialien\/index.php?rest_route=\/wp\/v2\/types\/product"}],"wp:featuredmedia":[{"embeddable":true,"href":"https:\/\/www.buchstart.at\/materialien\/index.php?rest_route=\/wp\/v2\/media\/410"}],"wp:attachment":[{"href":"https:\/\/www.buchstart.at\/materialien\/index.php?rest_route=%2Fwp%2Fv2%2Fmedia&parent=409"}],"wp:term":[{"taxonomy":"product_cat","embeddable":true,"href":"https:\/\/www.buchstart.at\/materialien\/index.php?rest_route=%2Fwp%2Fv2%2Fproduct_cat&post=409"},{"taxonomy":"product_tag","embeddable":true,"href":"https:\/\/www.buchstart.at\/materialien\/index.php?rest_route=%2Fwp%2Fv2%2Fproduct_tag&post=409"}],"curies":[{"name":"wp","href":"https:\/\/api.w.org\/{rel}","templated":true}]}}