{"id":407,"date":"2017-12-01T15:23:53","date_gmt":"2017-12-01T14:23:53","guid":{"rendered":"http:\/\/www.buchstart.at\/materialien\/?post_type=product&#038;p=407"},"modified":"2017-12-01T15:27:03","modified_gmt":"2017-12-01T14:27:03","slug":"die-besten-beerdigungen-der-welt","status":"publish","type":"product","link":"https:\/\/www.buchstart.at\/materialien\/?product=die-besten-beerdigungen-der-welt","title":{"rendered":"Die besten Beerdigungen der Welt"},"content":{"rendered":"<p>von Ulf Nilsson und Eva Eriksson<\/p>\n<p>Wie man im Spiel die Endlichkeit des Lebens erf\u00e4hrt<br \/>\n\/ Dias und DVD<\/p>\n<p>&nbsp;<\/p>\n<p>&nbsp;<\/p>\n<p><span style=\"color: #ff0000;\">Verleihkonditionen:<\/span><\/p>\n<p><span style=\"color: #ff0000;\">Mitgliedsbibliotheken k\u00f6nnen bis zu zwei Bilderbuchkinos gleichzeitig entlehnen. Die Entlehnfrist betr\u00e4gt 14 Tage. Bitte vermerken Sie in den Bestellnotizen bis zu welchem Zeitpunkt das Bilderbuchkino bei Ihnen eingelangt sein sollte. Nach Absenden Ihrer Anfrage pr\u00fcfen wir die Verf\u00fcgbarkeit und senden Ihnen ein Best\u00e4tigungsmail. Die Kosten f\u00fcr die Zusendung \u00fcbernimmt das \u00d6sterreichische Bibliothekswerk, das Porto f\u00fcr die R\u00fccksendung tr\u00e4gt Ihre Bibliothek.<\/span><\/p>\n","protected":false},"excerpt":{"rendered":"<p>Verleih<\/p>\n","protected":false},"featured_media":408,"template":"","meta":[],"product_cat":[54,53],"product_tag":[],"_links":{"self":[{"href":"https:\/\/www.buchstart.at\/materialien\/index.php?rest_route=\/wp\/v2\/product\/407"}],"collection":[{"href":"https:\/\/www.buchstart.at\/materialien\/index.php?rest_route=\/wp\/v2\/product"}],"about":[{"href":"https:\/\/www.buchstart.at\/materialien\/index.php?rest_route=\/wp\/v2\/types\/product"}],"wp:featuredmedia":[{"embeddable":true,"href":"https:\/\/www.buchstart.at\/materialien\/index.php?rest_route=\/wp\/v2\/media\/408"}],"wp:attachment":[{"href":"https:\/\/www.buchstart.at\/materialien\/index.php?rest_route=%2Fwp%2Fv2%2Fmedia&parent=407"}],"wp:term":[{"taxonomy":"product_cat","embeddable":true,"href":"https:\/\/www.buchstart.at\/materialien\/index.php?rest_route=%2Fwp%2Fv2%2Fproduct_cat&post=407"},{"taxonomy":"product_tag","embeddable":true,"href":"https:\/\/www.buchstart.at\/materialien\/index.php?rest_route=%2Fwp%2Fv2%2Fproduct_tag&post=407"}],"curies":[{"name":"wp","href":"https:\/\/api.w.org\/{rel}","templated":true}]}}