{"id":367,"date":"2017-11-15T16:59:00","date_gmt":"2017-11-15T15:59:00","guid":{"rendered":"http:\/\/www.buchstart.at\/materialien\/?post_type=product&#038;p=367"},"modified":"2017-12-14T08:39:52","modified_gmt":"2017-12-14T07:39:52","slug":"der-grueffelo","status":"publish","type":"product","link":"https:\/\/www.buchstart.at\/materialien\/?product=der-grueffelo","title":{"rendered":"Der Gr\u00fcffelo"},"content":{"rendered":"<p>Axel Scheffler, Julia Donaldson<\/p>\n<p>Der Wald ist voller Gefahren. Besonders, wenn man eine kleine Maus ist. Da ist es schon gut, einen gro\u00dfen, starken Freund zu haben, vor dem sich alle anderen f\u00fcrchten. Und wenn man keinen hat, dann erfindet man eben einen. Doch eines Tages taucht der Gr\u00fcffelo leibhaftig auf &#8211; und seine Lieblingsspeise ist Butterbrot mit Maus&#8230;<br \/>\n\/ Dias. Ab 3 Jahren<\/p>\n<p><span style=\"color: #ff0000;\">Verleihkonditionen:<\/span><\/p>\n<p><span style=\"color: #ff0000;\">Mitgliedsbibliotheken k\u00f6nnen bis zu zwei Bilderbuchkinos gleichzeitig entlehnen. Die Entlehnfrist betr\u00e4gt 14 Tage. Bitte vermerken Sie in den Bestellnotizen bis zu welchem Zeitpunkt das Bilderbuchkino bei Ihnen eingelangt sein sollte. Nach Absenden Ihrer Anfrage pr\u00fcfen wir die Verf\u00fcgbarkeit und senden Ihnen ein Best\u00e4tigungsmail. Die Kosten f\u00fcr die Zusendung \u00fcbernimmt das \u00d6sterreichische Bibliothekswerk, das Porto f\u00fcr die R\u00fccksendung tr\u00e4gt Ihre Bibliothek.<\/span><\/p>\n","protected":false},"excerpt":{"rendered":"<p>Verleih<\/p>\n","protected":false},"featured_media":329,"template":"","meta":[],"product_cat":[54],"product_tag":[],"_links":{"self":[{"href":"https:\/\/www.buchstart.at\/materialien\/index.php?rest_route=\/wp\/v2\/product\/367"}],"collection":[{"href":"https:\/\/www.buchstart.at\/materialien\/index.php?rest_route=\/wp\/v2\/product"}],"about":[{"href":"https:\/\/www.buchstart.at\/materialien\/index.php?rest_route=\/wp\/v2\/types\/product"}],"wp:featuredmedia":[{"embeddable":true,"href":"https:\/\/www.buchstart.at\/materialien\/index.php?rest_route=\/wp\/v2\/media\/329"}],"wp:attachment":[{"href":"https:\/\/www.buchstart.at\/materialien\/index.php?rest_route=%2Fwp%2Fv2%2Fmedia&parent=367"}],"wp:term":[{"taxonomy":"product_cat","embeddable":true,"href":"https:\/\/www.buchstart.at\/materialien\/index.php?rest_route=%2Fwp%2Fv2%2Fproduct_cat&post=367"},{"taxonomy":"product_tag","embeddable":true,"href":"https:\/\/www.buchstart.at\/materialien\/index.php?rest_route=%2Fwp%2Fv2%2Fproduct_tag&post=367"}],"curies":[{"name":"wp","href":"https:\/\/api.w.org\/{rel}","templated":true}]}}