{"id":364,"date":"2017-11-15T16:53:08","date_gmt":"2017-11-15T15:53:08","guid":{"rendered":"http:\/\/www.buchstart.at\/materialien\/?post_type=product&#038;p=364"},"modified":"2017-11-15T16:53:08","modified_gmt":"2017-11-15T15:53:08","slug":"der-kultivierte-wolf","status":"publish","type":"product","link":"https:\/\/www.buchstart.at\/materialien\/?product=der-kultivierte-wolf","title":{"rendered":"Der kultivierte Wolf"},"content":{"rendered":"<p>Becky Bloom, Pascal Biet<\/p>\n<p>Als der hungrige Wolf auf den Bauernhof kommt, erlebt er eine gro\u00dfe \u00dcberraschung: Die Ente, die Kuh und das Schweinen liegen im Gras und lesen, und statt Angst vor ihm zu haben, beachten sie ihn nicht einmal!<br \/>\n\/ Dias<\/p>\n<p><strong><\/strong><\/p>\n<p><span style=\"color: #ff0000;\">Verleihkonditionen:<\/span><\/p>\n<p><span style=\"color: #ff0000;\">Mitgliedsbibliotheken k\u00f6nnen bis zu zwei Bilderbuchkinos gleichzeitig entlehnen. Die Entlehnfrist betr\u00e4gt 14 Tage. Bitte vermerken Sie in den Bestellnotizen bis zu welchem Zeitpunkt das Bilderbuchkino bei Ihnen eingelangt sein sollte. Nach Absenden Ihrer Anfrage pr\u00fcfen wir die Verf\u00fcgbarkeit und senden Ihnen ein Best\u00e4tigungsmail. Die Kosten f\u00fcr die Zusendung \u00fcbernimmt das \u00d6sterreichische Bibliothekswerk, das Porto f\u00fcr die R\u00fccksendung tr\u00e4gt Ihre Bibliothek.<\/span><\/p>\n","protected":false},"excerpt":{"rendered":"<p>Verleih<\/p>\n","protected":false},"featured_media":336,"template":"","meta":[],"product_cat":[54],"product_tag":[],"_links":{"self":[{"href":"https:\/\/www.buchstart.at\/materialien\/index.php?rest_route=\/wp\/v2\/product\/364"}],"collection":[{"href":"https:\/\/www.buchstart.at\/materialien\/index.php?rest_route=\/wp\/v2\/product"}],"about":[{"href":"https:\/\/www.buchstart.at\/materialien\/index.php?rest_route=\/wp\/v2\/types\/product"}],"wp:featuredmedia":[{"embeddable":true,"href":"https:\/\/www.buchstart.at\/materialien\/index.php?rest_route=\/wp\/v2\/media\/336"}],"wp:attachment":[{"href":"https:\/\/www.buchstart.at\/materialien\/index.php?rest_route=%2Fwp%2Fv2%2Fmedia&parent=364"}],"wp:term":[{"taxonomy":"product_cat","embeddable":true,"href":"https:\/\/www.buchstart.at\/materialien\/index.php?rest_route=%2Fwp%2Fv2%2Fproduct_cat&post=364"},{"taxonomy":"product_tag","embeddable":true,"href":"https:\/\/www.buchstart.at\/materialien\/index.php?rest_route=%2Fwp%2Fv2%2Fproduct_tag&post=364"}],"curies":[{"name":"wp","href":"https:\/\/api.w.org\/{rel}","templated":true}]}}