{"id":361,"date":"2017-11-15T16:46:31","date_gmt":"2017-11-15T15:46:31","guid":{"rendered":"http:\/\/www.buchstart.at\/materialien\/?post_type=product&#038;p=361"},"modified":"2017-12-14T08:40:48","modified_gmt":"2017-12-14T07:40:48","slug":"der-tigerprinz-wie-liebe-den-hass-besiegt","status":"publish","type":"product","link":"https:\/\/www.buchstart.at\/materialien\/?product=der-tigerprinz-wie-liebe-den-hass-besiegt","title":{"rendered":"Der Tigerprinz : wie Liebe den Hass besiegt"},"content":{"rendered":"<p>Jianghong Chen<\/p>\n<p>Eine Tigerin r\u00e4cht sich an den Menschen und \u00fcberf\u00e4llt deren D\u00f6rfer. Nur der kleine Sohn des K\u00f6nigs vermag es, ihr Vertrauen wiederherzustellen. Ab 5 Jahren<br \/>\n\/ DVD und Dias<\/p>\n<p><span style=\"color: #ff0000;\">Verleihkonditionen:<\/span><\/p>\n<p><span style=\"color: #ff0000;\">Mitgliedsbibliotheken k\u00f6nnen bis zu zwei Bilderbuchkinos gleichzeitig entlehnen. Die Entlehnfrist betr\u00e4gt 14 Tage. Bitte vermerken Sie in den Bestellnotizen bis zu welchem Zeitpunkt das Bilderbuchkino bei Ihnen eingelangt sein sollte. Nach Absenden Ihrer Anfrage pr\u00fcfen wir die Verf\u00fcgbarkeit und senden Ihnen ein Best\u00e4tigungsmail. Die Kosten f\u00fcr die Zusendung \u00fcbernimmt das \u00d6sterreichische Bibliothekswerk, das Porto f\u00fcr die R\u00fccksendung tr\u00e4gt Ihre Bibliothek.<\/span><\/p>\n","protected":false},"excerpt":{"rendered":"<p>Verleih<\/p>\n","protected":false},"featured_media":346,"template":"","meta":[],"product_cat":[54,53],"product_tag":[],"_links":{"self":[{"href":"https:\/\/www.buchstart.at\/materialien\/index.php?rest_route=\/wp\/v2\/product\/361"}],"collection":[{"href":"https:\/\/www.buchstart.at\/materialien\/index.php?rest_route=\/wp\/v2\/product"}],"about":[{"href":"https:\/\/www.buchstart.at\/materialien\/index.php?rest_route=\/wp\/v2\/types\/product"}],"wp:featuredmedia":[{"embeddable":true,"href":"https:\/\/www.buchstart.at\/materialien\/index.php?rest_route=\/wp\/v2\/media\/346"}],"wp:attachment":[{"href":"https:\/\/www.buchstart.at\/materialien\/index.php?rest_route=%2Fwp%2Fv2%2Fmedia&parent=361"}],"wp:term":[{"taxonomy":"product_cat","embeddable":true,"href":"https:\/\/www.buchstart.at\/materialien\/index.php?rest_route=%2Fwp%2Fv2%2Fproduct_cat&post=361"},{"taxonomy":"product_tag","embeddable":true,"href":"https:\/\/www.buchstart.at\/materialien\/index.php?rest_route=%2Fwp%2Fv2%2Fproduct_tag&post=361"}],"curies":[{"name":"wp","href":"https:\/\/api.w.org\/{rel}","templated":true}]}}