{"id":359,"date":"2017-11-15T16:41:20","date_gmt":"2017-11-15T15:41:20","guid":{"rendered":"http:\/\/www.buchstart.at\/materialien\/?post_type=product&#038;p=359"},"modified":"2017-11-15T16:41:20","modified_gmt":"2017-11-15T15:41:20","slug":"es-klopft-bei-wanja-in-der-nacht","status":"publish","type":"product","link":"https:\/\/www.buchstart.at\/materialien\/?product=es-klopft-bei-wanja-in-der-nacht","title":{"rendered":"Es klopft bei Wanja in der Nacht"},"content":{"rendered":"<p>Tilde Michels, Reinhard Michl<\/p>\n<p>In einer kalten Winternacht bittet ein frierender Hase um Zuflucht. Wenig sp\u00e4ter folgen ihm ein Fuchs und dann noch ein B\u00e4r. Die Tiere versprechen Wanja, untereinander Frieden zu halten. Wanja denkt nach dem Aufwachen zuerst, er habe das alles nur getr\u00e4umt. Bis er die Spuren im Schnee vor seiner H\u00fctte sieht&#8230;<br \/>\n\/ DVD und Dias<\/p>\n<p><span style=\"color: #ff0000;\">Verleihkonditionen:<\/span><\/p>\n<p><span style=\"color: #ff0000;\">Mitgliedsbibliotheken k\u00f6nnen bis zu zwei Bilderbuchkinos gleichzeitig entlehnen. Die Entlehnfrist betr\u00e4gt 14 Tage. Bitte vermerken Sie in den Bestellnotizen bis zu welchem Zeitpunkt das Bilderbuchkino bei Ihnen eingelangt sein sollte. Nach Absenden Ihrer Anfrage pr\u00fcfen wir die Verf\u00fcgbarkeit und senden Ihnen ein Best\u00e4tigungsmail. Die Kosten f\u00fcr die Zusendung \u00fcbernimmt das \u00d6sterreichische Bibliothekswerk, das Porto f\u00fcr die R\u00fccksendung tr\u00e4gt Ihre Bibliothek.<\/span><\/p>\n","protected":false},"excerpt":{"rendered":"<p>Verleih<\/p>\n","protected":false},"featured_media":326,"template":"","meta":[],"product_cat":[54,53],"product_tag":[],"_links":{"self":[{"href":"https:\/\/www.buchstart.at\/materialien\/index.php?rest_route=\/wp\/v2\/product\/359"}],"collection":[{"href":"https:\/\/www.buchstart.at\/materialien\/index.php?rest_route=\/wp\/v2\/product"}],"about":[{"href":"https:\/\/www.buchstart.at\/materialien\/index.php?rest_route=\/wp\/v2\/types\/product"}],"wp:featuredmedia":[{"embeddable":true,"href":"https:\/\/www.buchstart.at\/materialien\/index.php?rest_route=\/wp\/v2\/media\/326"}],"wp:attachment":[{"href":"https:\/\/www.buchstart.at\/materialien\/index.php?rest_route=%2Fwp%2Fv2%2Fmedia&parent=359"}],"wp:term":[{"taxonomy":"product_cat","embeddable":true,"href":"https:\/\/www.buchstart.at\/materialien\/index.php?rest_route=%2Fwp%2Fv2%2Fproduct_cat&post=359"},{"taxonomy":"product_tag","embeddable":true,"href":"https:\/\/www.buchstart.at\/materialien\/index.php?rest_route=%2Fwp%2Fv2%2Fproduct_tag&post=359"}],"curies":[{"name":"wp","href":"https:\/\/api.w.org\/{rel}","templated":true}]}}