{"id":357,"date":"2017-11-15T16:32:08","date_gmt":"2017-11-15T15:32:08","guid":{"rendered":"http:\/\/www.buchstart.at\/materialien\/?post_type=product&#038;p=357"},"modified":"2017-12-14T08:50:09","modified_gmt":"2017-12-14T07:50:09","slug":"henriette-bimmelbahn","status":"publish","type":"product","link":"https:\/\/www.buchstart.at\/materialien\/?product=henriette-bimmelbahn","title":{"rendered":"Henriette Bimmelbahn"},"content":{"rendered":"<p>James Kr\u00fcss, Lisl Stich<\/p>\n<p>Henriette hei\u00dft die nette, alte, kleine Bimmelbahn. Henriette, Henriette fuhr noch nie nach einem Plan. So beginnt der musikalisch und heiter klingende Text<br \/>\nvon James Kr\u00fcss. Die Kinder m\u00f6gen ihn und k\u00f6nnen ihn schnell mitsprechen. Und auch \u00fcber die liebevollen Bilder freuen sie sich: Da f\u00e4hrt die Bimmelbahn in gro\u00dfen B\u00f6gen durch Wald und Wiesen, an Seen vorbei, l\u00e4\u00dft Leute aussteigen und wartet<br \/>\ngeduldig auf die heraneilenden Kinder&#8230; Ab 4 Jahren<br \/>\n\/ DVD<\/p>\n<p><span style=\"color: #ff0000;\">Verleihkonditionen:<\/span><\/p>\n<p><span style=\"color: #ff0000;\">Mitgliedsbibliotheken k\u00f6nnen bis zu zwei Bilderbuchkinos gleichzeitig entlehnen. Die Entlehnfrist betr\u00e4gt 14 Tage. Bitte vermerken Sie in den Bestellnotizen bis zu welchem Zeitpunkt das Bilderbuchkino bei Ihnen eingelangt sein sollte. Nach Absenden Ihrer Anfrage pr\u00fcfen wir die Verf\u00fcgbarkeit und senden Ihnen ein Best\u00e4tigungsmail. Die Kosten f\u00fcr die Zusendung \u00fcbernimmt das \u00d6sterreichische Bibliothekswerk, das Porto f\u00fcr die R\u00fccksendung tr\u00e4gt Ihre Bibliothek.<\/span><\/p>\n","protected":false},"excerpt":{"rendered":"<p>Verleih<\/p>\n","protected":false},"featured_media":331,"template":"","meta":[],"product_cat":[53],"product_tag":[],"_links":{"self":[{"href":"https:\/\/www.buchstart.at\/materialien\/index.php?rest_route=\/wp\/v2\/product\/357"}],"collection":[{"href":"https:\/\/www.buchstart.at\/materialien\/index.php?rest_route=\/wp\/v2\/product"}],"about":[{"href":"https:\/\/www.buchstart.at\/materialien\/index.php?rest_route=\/wp\/v2\/types\/product"}],"wp:featuredmedia":[{"embeddable":true,"href":"https:\/\/www.buchstart.at\/materialien\/index.php?rest_route=\/wp\/v2\/media\/331"}],"wp:attachment":[{"href":"https:\/\/www.buchstart.at\/materialien\/index.php?rest_route=%2Fwp%2Fv2%2Fmedia&parent=357"}],"wp:term":[{"taxonomy":"product_cat","embeddable":true,"href":"https:\/\/www.buchstart.at\/materialien\/index.php?rest_route=%2Fwp%2Fv2%2Fproduct_cat&post=357"},{"taxonomy":"product_tag","embeddable":true,"href":"https:\/\/www.buchstart.at\/materialien\/index.php?rest_route=%2Fwp%2Fv2%2Fproduct_tag&post=357"}],"curies":[{"name":"wp","href":"https:\/\/api.w.org\/{rel}","templated":true}]}}