{"id":3382,"date":"2026-04-20T15:39:57","date_gmt":"2026-04-20T13:39:57","guid":{"rendered":"https:\/\/www.buchstart.at\/materialien\/?post_type=product&#038;p=3382"},"modified":"2026-04-20T15:41:14","modified_gmt":"2026-04-20T13:41:14","slug":"hocker-leseglueck","status":"publish","type":"product","link":"https:\/\/www.buchstart.at\/materialien\/?product=hocker-leseglueck","title":{"rendered":"Hocker Lesegl\u00fcck"},"content":{"rendered":"<p><strong>Der Gl\u00fccks-Hocker &#8211; der Blickfang f\u00fcr Ihre Bibliothek<\/strong><\/p>\n<p>Die Lesegl\u00fcck-Hocker mit Motiven von Katja Seifert eignen sich als Sitzgelegenheit f\u00fcr Alt und Jung, aber auch als Beistelltisch, Ablage oder Stellfl\u00e4che f\u00fcr Beamer etc.<br \/>\nAus f\u00fcnf Elementen zusammengesteckt und mit Gummiringen einfach fixiert, halten die Hocker ein Belastungsgewicht von bis zu 150 kg.<\/p>\n<p>Gewicht 1,75 kg, H\u00f6he 42 cm, Sitzfl\u00e4che 29,5 x 29,5 cm<\/p>\n","protected":false},"excerpt":{"rendered":"<p>Gewicht 1,75 kg, H\u00f6he 42 cm, Sitzfl\u00e4che 29,5 x 29,5 cm<\/p>\n","protected":false},"featured_media":3384,"template":"","meta":[],"product_cat":[39,51],"product_tag":[],"_links":{"self":[{"href":"https:\/\/www.buchstart.at\/materialien\/index.php?rest_route=\/wp\/v2\/product\/3382"}],"collection":[{"href":"https:\/\/www.buchstart.at\/materialien\/index.php?rest_route=\/wp\/v2\/product"}],"about":[{"href":"https:\/\/www.buchstart.at\/materialien\/index.php?rest_route=\/wp\/v2\/types\/product"}],"wp:featuredmedia":[{"embeddable":true,"href":"https:\/\/www.buchstart.at\/materialien\/index.php?rest_route=\/wp\/v2\/media\/3384"}],"wp:attachment":[{"href":"https:\/\/www.buchstart.at\/materialien\/index.php?rest_route=%2Fwp%2Fv2%2Fmedia&parent=3382"}],"wp:term":[{"taxonomy":"product_cat","embeddable":true,"href":"https:\/\/www.buchstart.at\/materialien\/index.php?rest_route=%2Fwp%2Fv2%2Fproduct_cat&post=3382"},{"taxonomy":"product_tag","embeddable":true,"href":"https:\/\/www.buchstart.at\/materialien\/index.php?rest_route=%2Fwp%2Fv2%2Fproduct_tag&post=3382"}],"curies":[{"name":"wp","href":"https:\/\/api.w.org\/{rel}","templated":true}]}}