{"id":287,"date":"2017-10-24T11:58:36","date_gmt":"2017-10-24T09:58:36","guid":{"rendered":"http:\/\/www.buchstart.at\/materialien\/?post_type=product&#038;p=287"},"modified":"2024-11-13T09:05:40","modified_gmt":"2024-11-13T08:05:40","slug":"ausmalblock-mit-buchstaben","status":"publish","type":"product","link":"https:\/\/www.buchstart.at\/materialien\/?product=ausmalblock-mit-buchstaben","title":{"rendered":"Ausmalblock mit Buchstaben"},"content":{"rendered":"<p>Ausmalblock mit den Buchstaben des Alphabets zum Nachf\u00fcllen f\u00fcr die F\u00fchrerscheinbox<br \/>\nDin A4 Querformat<\/p>\n<p>Block mit 50 Seiten<\/p>\n<p>Der Ausmalblock ist auch als Download verf\u00fcgbar &#8211; <a href=\"http:\/\/www.biblio.at\/medien\/pdf\/MioCabrio_Malvorlage.pdf\" target=\"_blank\" rel=\"noopener noreferrer\">pdf<\/a><\/p>\n","protected":false},"excerpt":{"rendered":"<p>Block mit 50 Seiten<\/p>\n","protected":false},"featured_media":282,"template":"","meta":[],"product_cat":[50,56,35,38],"product_tag":[],"_links":{"self":[{"href":"https:\/\/www.buchstart.at\/materialien\/index.php?rest_route=\/wp\/v2\/product\/287"}],"collection":[{"href":"https:\/\/www.buchstart.at\/materialien\/index.php?rest_route=\/wp\/v2\/product"}],"about":[{"href":"https:\/\/www.buchstart.at\/materialien\/index.php?rest_route=\/wp\/v2\/types\/product"}],"wp:featuredmedia":[{"embeddable":true,"href":"https:\/\/www.buchstart.at\/materialien\/index.php?rest_route=\/wp\/v2\/media\/282"}],"wp:attachment":[{"href":"https:\/\/www.buchstart.at\/materialien\/index.php?rest_route=%2Fwp%2Fv2%2Fmedia&parent=287"}],"wp:term":[{"taxonomy":"product_cat","embeddable":true,"href":"https:\/\/www.buchstart.at\/materialien\/index.php?rest_route=%2Fwp%2Fv2%2Fproduct_cat&post=287"},{"taxonomy":"product_tag","embeddable":true,"href":"https:\/\/www.buchstart.at\/materialien\/index.php?rest_route=%2Fwp%2Fv2%2Fproduct_tag&post=287"}],"curies":[{"name":"wp","href":"https:\/\/api.w.org\/{rel}","templated":true}]}}