{"id":286,"date":"2017-10-24T11:59:29","date_gmt":"2017-10-24T09:59:29","guid":{"rendered":"http:\/\/www.buchstart.at\/materialien\/?post_type=product&#038;p=286"},"modified":"2017-12-14T08:34:24","modified_gmt":"2017-12-14T07:34:24","slug":"bibliotheksfuehrerschein-urkunde","status":"publish","type":"product","link":"https:\/\/www.buchstart.at\/materialien\/?product=bibliotheksfuehrerschein-urkunde","title":{"rendered":"Bibliotheksf\u00fchrerschein Urkunde"},"content":{"rendered":"<p>Die Urkunde f\u00fcr den Bibliotheksf\u00fchrerschein im Format DIN-A5<\/p>\n<p>Block mit 50 Seiten<\/p>\n","protected":false},"excerpt":{"rendered":"<p>Block mit 50 Seiten<\/p>\n","protected":false},"featured_media":283,"template":"","meta":[],"product_cat":[50,56,35],"product_tag":[],"_links":{"self":[{"href":"https:\/\/www.buchstart.at\/materialien\/index.php?rest_route=\/wp\/v2\/product\/286"}],"collection":[{"href":"https:\/\/www.buchstart.at\/materialien\/index.php?rest_route=\/wp\/v2\/product"}],"about":[{"href":"https:\/\/www.buchstart.at\/materialien\/index.php?rest_route=\/wp\/v2\/types\/product"}],"wp:featuredmedia":[{"embeddable":true,"href":"https:\/\/www.buchstart.at\/materialien\/index.php?rest_route=\/wp\/v2\/media\/283"}],"wp:attachment":[{"href":"https:\/\/www.buchstart.at\/materialien\/index.php?rest_route=%2Fwp%2Fv2%2Fmedia&parent=286"}],"wp:term":[{"taxonomy":"product_cat","embeddable":true,"href":"https:\/\/www.buchstart.at\/materialien\/index.php?rest_route=%2Fwp%2Fv2%2Fproduct_cat&post=286"},{"taxonomy":"product_tag","embeddable":true,"href":"https:\/\/www.buchstart.at\/materialien\/index.php?rest_route=%2Fwp%2Fv2%2Fproduct_tag&post=286"}],"curies":[{"name":"wp","href":"https:\/\/api.w.org\/{rel}","templated":true}]}}