{"id":285,"date":"2017-10-24T12:00:13","date_gmt":"2017-10-24T10:00:13","guid":{"rendered":"http:\/\/www.buchstart.at\/materialien\/?post_type=product&#038;p=285"},"modified":"2025-01-24T10:33:12","modified_gmt":"2025-01-24T09:33:12","slug":"bibliotheksfuehrerschein","status":"publish","type":"product","link":"https:\/\/www.buchstart.at\/materialien\/?product=bibliotheksfuehrerschein","title":{"rendered":"Bibliotheksf\u00fchrerschein"},"content":{"rendered":"<p>Bibliotheksf\u00fchrerscheine 3-teilig gefaltet zum Nachf\u00fcllen f\u00fcr die F\u00fchrerscheinbox<\/p>\n<p>Packung zu 50 St\u00fcck<\/p>\n","protected":false},"excerpt":{"rendered":"<p>Packung zu 50 St\u00fcck<\/p>\n","protected":false},"featured_media":284,"template":"","meta":[],"product_cat":[50,35],"product_tag":[46],"_links":{"self":[{"href":"https:\/\/www.buchstart.at\/materialien\/index.php?rest_route=\/wp\/v2\/product\/285"}],"collection":[{"href":"https:\/\/www.buchstart.at\/materialien\/index.php?rest_route=\/wp\/v2\/product"}],"about":[{"href":"https:\/\/www.buchstart.at\/materialien\/index.php?rest_route=\/wp\/v2\/types\/product"}],"wp:featuredmedia":[{"embeddable":true,"href":"https:\/\/www.buchstart.at\/materialien\/index.php?rest_route=\/wp\/v2\/media\/284"}],"wp:attachment":[{"href":"https:\/\/www.buchstart.at\/materialien\/index.php?rest_route=%2Fwp%2Fv2%2Fmedia&parent=285"}],"wp:term":[{"taxonomy":"product_cat","embeddable":true,"href":"https:\/\/www.buchstart.at\/materialien\/index.php?rest_route=%2Fwp%2Fv2%2Fproduct_cat&post=285"},{"taxonomy":"product_tag","embeddable":true,"href":"https:\/\/www.buchstart.at\/materialien\/index.php?rest_route=%2Fwp%2Fv2%2Fproduct_tag&post=285"}],"curies":[{"name":"wp","href":"https:\/\/api.w.org\/{rel}","templated":true}]}}