{"id":281,"date":"2017-10-24T11:42:55","date_gmt":"2017-10-24T09:42:55","guid":{"rendered":"http:\/\/www.buchstart.at\/materialien\/?post_type=product&#038;p=281"},"modified":"2024-07-01T13:39:27","modified_gmt":"2024-07-01T11:39:27","slug":"buchstart-sticker-oval-klein","status":"publish","type":"product","link":"https:\/\/www.buchstart.at\/materialien\/?product=buchstart-sticker-oval-klein","title":{"rendered":"Buchstart-Sticker oval klein"},"content":{"rendered":"<p>Ovale Sticker (8 x 5 cm) mit dem Slogan &#8220;1,2,3 zur B\u00fccherei&#8221; zum Nachf\u00fcllen f\u00fcr die F\u00fchrerscheinbox oder als kleines Geschenk.<\/p>\n<p>Packung zu 50 St\u00fcck<\/p>\n","protected":false},"excerpt":{"rendered":"<p>Packung zu 50 St\u00fcck<\/p>\n","protected":false},"featured_media":155,"template":"","meta":[],"product_cat":[50,35],"product_tag":[],"_links":{"self":[{"href":"https:\/\/www.buchstart.at\/materialien\/index.php?rest_route=\/wp\/v2\/product\/281"}],"collection":[{"href":"https:\/\/www.buchstart.at\/materialien\/index.php?rest_route=\/wp\/v2\/product"}],"about":[{"href":"https:\/\/www.buchstart.at\/materialien\/index.php?rest_route=\/wp\/v2\/types\/product"}],"wp:featuredmedia":[{"embeddable":true,"href":"https:\/\/www.buchstart.at\/materialien\/index.php?rest_route=\/wp\/v2\/media\/155"}],"wp:attachment":[{"href":"https:\/\/www.buchstart.at\/materialien\/index.php?rest_route=%2Fwp%2Fv2%2Fmedia&parent=281"}],"wp:term":[{"taxonomy":"product_cat","embeddable":true,"href":"https:\/\/www.buchstart.at\/materialien\/index.php?rest_route=%2Fwp%2Fv2%2Fproduct_cat&post=281"},{"taxonomy":"product_tag","embeddable":true,"href":"https:\/\/www.buchstart.at\/materialien\/index.php?rest_route=%2Fwp%2Fv2%2Fproduct_tag&post=281"}],"curies":[{"name":"wp","href":"https:\/\/api.w.org\/{rel}","templated":true}]}}