{"id":203,"date":"2017-06-15T20:33:12","date_gmt":"2017-06-15T18:33:12","guid":{"rendered":"http:\/\/www.buchstart.at\/materialien\/?post_type=product&#038;p=203"},"modified":"2023-04-17T10:50:04","modified_gmt":"2023-04-17T08:50:04","slug":"bilderbuch-kartenset-pippilothek","status":"publish","type":"product","link":"https:\/\/www.buchstart.at\/materialien\/?product=bilderbuch-kartenset-pippilothek","title":{"rendered":"Bilderbuch-Kartenset &#8220;Pippilothek???&#8221; &#8211; nicht mehr erh\u00e4ltlich!"},"content":{"rendered":"<p><strong>Bilderbuch-Kartenset ohne Text f\u00fcr die biblio Buchstart-B\u00fchne<\/strong><\/p>\n<p>VERGRIFFEN!!<\/p>\n<p>Text: Lorenz Pauli. Bilder: Kathrin Sch\u00e4rer. atlantis 2011<br \/>\n13 Folien A3.<\/p>\n","protected":false},"excerpt":{"rendered":"<p>Bilderbuch-Kartenset ohne Text f\u00fcr die biblio Buchstart-B\u00fchne VERGRIFFEN!! Text: Lorenz Pauli. Bilder: Kathrin Sch\u00e4rer. atlantis 2011 13 Folien A3.<\/p>\n","protected":false},"featured_media":204,"template":"","meta":[],"product_cat":[41],"product_tag":[],"_links":{"self":[{"href":"https:\/\/www.buchstart.at\/materialien\/index.php?rest_route=\/wp\/v2\/product\/203"}],"collection":[{"href":"https:\/\/www.buchstart.at\/materialien\/index.php?rest_route=\/wp\/v2\/product"}],"about":[{"href":"https:\/\/www.buchstart.at\/materialien\/index.php?rest_route=\/wp\/v2\/types\/product"}],"wp:featuredmedia":[{"embeddable":true,"href":"https:\/\/www.buchstart.at\/materialien\/index.php?rest_route=\/wp\/v2\/media\/204"}],"wp:attachment":[{"href":"https:\/\/www.buchstart.at\/materialien\/index.php?rest_route=%2Fwp%2Fv2%2Fmedia&parent=203"}],"wp:term":[{"taxonomy":"product_cat","embeddable":true,"href":"https:\/\/www.buchstart.at\/materialien\/index.php?rest_route=%2Fwp%2Fv2%2Fproduct_cat&post=203"},{"taxonomy":"product_tag","embeddable":true,"href":"https:\/\/www.buchstart.at\/materialien\/index.php?rest_route=%2Fwp%2Fv2%2Fproduct_tag&post=203"}],"curies":[{"name":"wp","href":"https:\/\/api.w.org\/{rel}","templated":true}]}}