{"id":196,"date":"2017-06-15T20:22:00","date_gmt":"2017-06-15T18:22:00","guid":{"rendered":"http:\/\/www.buchstart.at\/materialien\/?post_type=product&#038;p=196"},"modified":"2020-06-05T11:24:51","modified_gmt":"2020-06-05T09:24:51","slug":"bilderbuch-kartenset-der-froschkoenig","status":"publish","type":"product","link":"https:\/\/www.buchstart.at\/materialien\/?product=bilderbuch-kartenset-der-froschkoenig","title":{"rendered":"Bilderbuch-Kartenset &#8220;Der Froschk\u00f6nig&#8221;"},"content":{"rendered":"<p><strong>Bilderbuch-Kartenset ohne Text f\u00fcr die biblio Buchstart-B\u00fchne<\/strong><\/p>\n<p>Br\u00fcder Grimm. Bilder von Binette Schr\u00f6der. NordS\u00fcd-Verlag 2015.<br \/>\n13 Folien A3.<\/p>\n","protected":false},"excerpt":{"rendered":"<p>Bilderbuch-Kartenset ohne Text f\u00fcr die biblio Buchstart-B\u00fchne Br\u00fcder Grimm. Bilder von Binette Schr\u00f6der. NordS\u00fcd-Verlag 2015. 13 Folien A3.<\/p>\n","protected":false},"featured_media":197,"template":"","meta":[],"product_cat":[41],"product_tag":[],"_links":{"self":[{"href":"https:\/\/www.buchstart.at\/materialien\/index.php?rest_route=\/wp\/v2\/product\/196"}],"collection":[{"href":"https:\/\/www.buchstart.at\/materialien\/index.php?rest_route=\/wp\/v2\/product"}],"about":[{"href":"https:\/\/www.buchstart.at\/materialien\/index.php?rest_route=\/wp\/v2\/types\/product"}],"wp:featuredmedia":[{"embeddable":true,"href":"https:\/\/www.buchstart.at\/materialien\/index.php?rest_route=\/wp\/v2\/media\/197"}],"wp:attachment":[{"href":"https:\/\/www.buchstart.at\/materialien\/index.php?rest_route=%2Fwp%2Fv2%2Fmedia&parent=196"}],"wp:term":[{"taxonomy":"product_cat","embeddable":true,"href":"https:\/\/www.buchstart.at\/materialien\/index.php?rest_route=%2Fwp%2Fv2%2Fproduct_cat&post=196"},{"taxonomy":"product_tag","embeddable":true,"href":"https:\/\/www.buchstart.at\/materialien\/index.php?rest_route=%2Fwp%2Fv2%2Fproduct_tag&post=196"}],"curies":[{"name":"wp","href":"https:\/\/api.w.org\/{rel}","templated":true}]}}