{"id":189,"date":"2017-06-15T20:15:16","date_gmt":"2017-06-15T18:15:16","guid":{"rendered":"http:\/\/www.buchstart.at\/materialien\/?post_type=product&#038;p=189"},"modified":"2020-06-05T11:26:15","modified_gmt":"2020-06-05T09:26:15","slug":"bilderbuch-kartenset-zuhause-kann-ueberall-sein","status":"publish","type":"product","link":"https:\/\/www.buchstart.at\/materialien\/?product=bilderbuch-kartenset-zuhause-kann-ueberall-sein","title":{"rendered":"Bilderbuch-Kartenset &#8220;Zuhause kann \u00fcberall sein&#8221;"},"content":{"rendered":"<p><strong>Bilderbuch-Kartenset ohne Text f\u00fcr die biblio Buchstart-B\u00fchne<\/strong><\/p>\n<p>von Irena Kobald und Freya Blackwood.<br \/>\nKnesebeck 2015.<br \/>\n16 Folien A3.<\/p>\n","protected":false},"excerpt":{"rendered":"<p>Bilderbuch-Kartenset ohne Text f\u00fcr die biblio Buchstart-B\u00fchne von Irena Kobald und Freya Blackwood. Knesebeck 2015. 16 Folien A3.<\/p>\n","protected":false},"featured_media":190,"template":"","meta":[],"product_cat":[41],"product_tag":[],"_links":{"self":[{"href":"https:\/\/www.buchstart.at\/materialien\/index.php?rest_route=\/wp\/v2\/product\/189"}],"collection":[{"href":"https:\/\/www.buchstart.at\/materialien\/index.php?rest_route=\/wp\/v2\/product"}],"about":[{"href":"https:\/\/www.buchstart.at\/materialien\/index.php?rest_route=\/wp\/v2\/types\/product"}],"wp:featuredmedia":[{"embeddable":true,"href":"https:\/\/www.buchstart.at\/materialien\/index.php?rest_route=\/wp\/v2\/media\/190"}],"wp:attachment":[{"href":"https:\/\/www.buchstart.at\/materialien\/index.php?rest_route=%2Fwp%2Fv2%2Fmedia&parent=189"}],"wp:term":[{"taxonomy":"product_cat","embeddable":true,"href":"https:\/\/www.buchstart.at\/materialien\/index.php?rest_route=%2Fwp%2Fv2%2Fproduct_cat&post=189"},{"taxonomy":"product_tag","embeddable":true,"href":"https:\/\/www.buchstart.at\/materialien\/index.php?rest_route=%2Fwp%2Fv2%2Fproduct_tag&post=189"}],"curies":[{"name":"wp","href":"https:\/\/api.w.org\/{rel}","templated":true}]}}