{"id":184,"date":"2017-06-15T20:13:01","date_gmt":"2017-06-15T18:13:01","guid":{"rendered":"http:\/\/www.buchstart.at\/materialien\/?post_type=product&#038;p=184"},"modified":"2025-02-12T11:46:46","modified_gmt":"2025-02-12T10:46:46","slug":"bilderbuch-kartenset-was-wir-koennen","status":"publish","type":"product","link":"https:\/\/www.buchstart.at\/materialien\/?product=bilderbuch-kartenset-was-wir-koennen","title":{"rendered":"Bilderbuch-Kartenset &#8220;Was wir k\u00f6nnen&#8221;"},"content":{"rendered":"<p><strong>Bilderbuch-Kartenset mit Text f\u00fcr die biblio Buchstart-B\u00fchne<\/strong><\/p>\n<p>von Heinz Janisch und Lili Schagerl. Tyrolia 2016.<br \/>\n10 Folien A3.<\/p>\n","protected":false},"excerpt":{"rendered":"<p>Bilderbuch-Kartenset mit Text f\u00fcr die biblio Buchstart-B\u00fchne von Heinz Janisch und Lili Schagerl. Tyrolia 2016. 10 Folien A3.<\/p>\n","protected":false},"featured_media":220,"template":"","meta":[],"product_cat":[41],"product_tag":[],"_links":{"self":[{"href":"https:\/\/www.buchstart.at\/materialien\/index.php?rest_route=\/wp\/v2\/product\/184"}],"collection":[{"href":"https:\/\/www.buchstart.at\/materialien\/index.php?rest_route=\/wp\/v2\/product"}],"about":[{"href":"https:\/\/www.buchstart.at\/materialien\/index.php?rest_route=\/wp\/v2\/types\/product"}],"wp:featuredmedia":[{"embeddable":true,"href":"https:\/\/www.buchstart.at\/materialien\/index.php?rest_route=\/wp\/v2\/media\/220"}],"wp:attachment":[{"href":"https:\/\/www.buchstart.at\/materialien\/index.php?rest_route=%2Fwp%2Fv2%2Fmedia&parent=184"}],"wp:term":[{"taxonomy":"product_cat","embeddable":true,"href":"https:\/\/www.buchstart.at\/materialien\/index.php?rest_route=%2Fwp%2Fv2%2Fproduct_cat&post=184"},{"taxonomy":"product_tag","embeddable":true,"href":"https:\/\/www.buchstart.at\/materialien\/index.php?rest_route=%2Fwp%2Fv2%2Fproduct_tag&post=184"}],"curies":[{"name":"wp","href":"https:\/\/api.w.org\/{rel}","templated":true}]}}