{"id":181,"date":"2017-06-15T20:07:56","date_gmt":"2017-06-15T18:07:56","guid":{"rendered":"http:\/\/www.buchstart.at\/materialien\/?post_type=product&#038;p=181"},"modified":"2020-06-05T11:27:25","modified_gmt":"2020-06-05T09:27:25","slug":"bilderbuch-kartenset-ein-grosser-freund","status":"publish","type":"product","link":"https:\/\/www.buchstart.at\/materialien\/?product=bilderbuch-kartenset-ein-grosser-freund","title":{"rendered":"Bilderbuch-Kartenset &#8220;Ein gro\u00dfer Freund&#8221;"},"content":{"rendered":"<p><strong>Bilderbuch-Kartenset ohne Text f\u00fcr die biblio Buchstart-B\u00fchne<\/strong><\/p>\n<p>Babak Saberi und Mehrdad Zaeri. Baobab 2015.<br \/>\n13 Folien A3.<\/p>\n","protected":false},"excerpt":{"rendered":"<p>Bilderbuch-Kartenset ohne Text f\u00fcr die biblio Buchstart-B\u00fchne Babak Saberi und Mehrdad Zaeri. Baobab 2015. 13 Folien A3.<\/p>\n","protected":false},"featured_media":224,"template":"","meta":[],"product_cat":[41],"product_tag":[],"_links":{"self":[{"href":"https:\/\/www.buchstart.at\/materialien\/index.php?rest_route=\/wp\/v2\/product\/181"}],"collection":[{"href":"https:\/\/www.buchstart.at\/materialien\/index.php?rest_route=\/wp\/v2\/product"}],"about":[{"href":"https:\/\/www.buchstart.at\/materialien\/index.php?rest_route=\/wp\/v2\/types\/product"}],"wp:featuredmedia":[{"embeddable":true,"href":"https:\/\/www.buchstart.at\/materialien\/index.php?rest_route=\/wp\/v2\/media\/224"}],"wp:attachment":[{"href":"https:\/\/www.buchstart.at\/materialien\/index.php?rest_route=%2Fwp%2Fv2%2Fmedia&parent=181"}],"wp:term":[{"taxonomy":"product_cat","embeddable":true,"href":"https:\/\/www.buchstart.at\/materialien\/index.php?rest_route=%2Fwp%2Fv2%2Fproduct_cat&post=181"},{"taxonomy":"product_tag","embeddable":true,"href":"https:\/\/www.buchstart.at\/materialien\/index.php?rest_route=%2Fwp%2Fv2%2Fproduct_tag&post=181"}],"curies":[{"name":"wp","href":"https:\/\/api.w.org\/{rel}","templated":true}]}}