{"id":177,"date":"2017-06-15T20:03:34","date_gmt":"2017-06-15T18:03:34","guid":{"rendered":"http:\/\/www.buchstart.at\/materialien\/?post_type=product&#038;p=177"},"modified":"2020-06-05T11:27:50","modified_gmt":"2020-06-05T09:27:50","slug":"bilderbuch-kartenset-bene-schneller-als-das-schnellste-huhn","status":"publish","type":"product","link":"https:\/\/www.buchstart.at\/materialien\/?product=bilderbuch-kartenset-bene-schneller-als-das-schnellste-huhn","title":{"rendered":"Bilderbuch-Kartenset &#8220;Ben\u00e9, schneller als das schnellste Huhn&#8221;"},"content":{"rendered":"<p><strong>Bilderbuch-Kartenset ohne Text f\u00fcr die biblio Buchstart-B\u00fchne<\/strong><\/p>\n<p>von Eymard Toledo. Baobab 2013.<br \/>\n14 Folien A3.<\/p>\n","protected":false},"excerpt":{"rendered":"<p>Bilderbuch-Kartenset ohne Text f\u00fcr die biblio Buchstart-B\u00fchne von Eymard Toledo. Baobab 2013. 14 Folien A3.<\/p>\n","protected":false},"featured_media":179,"template":"","meta":[],"product_cat":[41],"product_tag":[],"_links":{"self":[{"href":"https:\/\/www.buchstart.at\/materialien\/index.php?rest_route=\/wp\/v2\/product\/177"}],"collection":[{"href":"https:\/\/www.buchstart.at\/materialien\/index.php?rest_route=\/wp\/v2\/product"}],"about":[{"href":"https:\/\/www.buchstart.at\/materialien\/index.php?rest_route=\/wp\/v2\/types\/product"}],"wp:featuredmedia":[{"embeddable":true,"href":"https:\/\/www.buchstart.at\/materialien\/index.php?rest_route=\/wp\/v2\/media\/179"}],"wp:attachment":[{"href":"https:\/\/www.buchstart.at\/materialien\/index.php?rest_route=%2Fwp%2Fv2%2Fmedia&parent=177"}],"wp:term":[{"taxonomy":"product_cat","embeddable":true,"href":"https:\/\/www.buchstart.at\/materialien\/index.php?rest_route=%2Fwp%2Fv2%2Fproduct_cat&post=177"},{"taxonomy":"product_tag","embeddable":true,"href":"https:\/\/www.buchstart.at\/materialien\/index.php?rest_route=%2Fwp%2Fv2%2Fproduct_tag&post=177"}],"curies":[{"name":"wp","href":"https:\/\/api.w.org\/{rel}","templated":true}]}}