{"id":167,"date":"2017-06-15T19:58:59","date_gmt":"2017-06-15T17:58:59","guid":{"rendered":"http:\/\/www.buchstart.at\/materialien\/?post_type=product&#038;p=167"},"modified":"2025-04-09T10:52:26","modified_gmt":"2025-04-09T08:52:26","slug":"biblio-buchstart-buehne","status":"publish","type":"product","link":"https:\/\/www.buchstart.at\/materialien\/?product=biblio-buchstart-buehne","title":{"rendered":"biblio Buchstart-B\u00fchne"},"content":{"rendered":"<p>hochwertig verarbeitet, au\u00dfen Holz natur, innen schwarz lackiert, optimiert f\u00fcr Bilderbuch-Kartensets im Format A3, handgefertigt durch pro mente,\u00a0 ATZ Linz, inkl. einer Folie mit einem roten Vorhang und Mio (Motiv von Helga Bansch).<\/p>\n<p>Pro Bibliothek kann nur <strong>eine B\u00fchne<\/strong> bestellt werden.<\/p>\n","protected":false},"excerpt":{"rendered":"<p>hochwertig verarbeitet, au\u00dfen Holz natur, innen schwarz lackiert, optimiert f\u00fcr Bilderbuch-Kartensets im Format A3, handgefertigt durch pro mente,\u00a0 ATZ Linz, inkl. einer Folie mit einem roten Vorhang und Mio (Motiv von Helga Bansch). Pro Bibliothek kann nur eine B\u00fchne bestellt werden.<\/p>\n","protected":false},"featured_media":174,"template":"","meta":[],"product_cat":[41,35],"product_tag":[],"_links":{"self":[{"href":"https:\/\/www.buchstart.at\/materialien\/index.php?rest_route=\/wp\/v2\/product\/167"}],"collection":[{"href":"https:\/\/www.buchstart.at\/materialien\/index.php?rest_route=\/wp\/v2\/product"}],"about":[{"href":"https:\/\/www.buchstart.at\/materialien\/index.php?rest_route=\/wp\/v2\/types\/product"}],"wp:featuredmedia":[{"embeddable":true,"href":"https:\/\/www.buchstart.at\/materialien\/index.php?rest_route=\/wp\/v2\/media\/174"}],"wp:attachment":[{"href":"https:\/\/www.buchstart.at\/materialien\/index.php?rest_route=%2Fwp%2Fv2%2Fmedia&parent=167"}],"wp:term":[{"taxonomy":"product_cat","embeddable":true,"href":"https:\/\/www.buchstart.at\/materialien\/index.php?rest_route=%2Fwp%2Fv2%2Fproduct_cat&post=167"},{"taxonomy":"product_tag","embeddable":true,"href":"https:\/\/www.buchstart.at\/materialien\/index.php?rest_route=%2Fwp%2Fv2%2Fproduct_tag&post=167"}],"curies":[{"name":"wp","href":"https:\/\/api.w.org\/{rel}","templated":true}]}}