{"id":159,"date":"2017-06-15T19:24:34","date_gmt":"2017-06-15T17:24:34","guid":{"rendered":"http:\/\/www.buchstart.at\/materialien\/?post_type=product&#038;p=159"},"modified":"2017-08-03T12:12:53","modified_gmt":"2017-08-03T10:12:53","slug":"buchstart-sticker-oval-25-stk","status":"publish","type":"product","link":"https:\/\/www.buchstart.at\/materialien\/?product=buchstart-sticker-oval-25-stk","title":{"rendered":"Buchstart-Sticker oval (25 Stk.)"},"content":{"rendered":"<p>Ovale Sticker (10 x 7,5 cm) mit dem Slogan &#8220;1, 2, 3 zur B\u00fccherei&#8221; als Werbetr\u00e4ger, kleines Geschenk f\u00fcr Kinder oder zur Verleihung des Bibliotheksf\u00fchrerscheins<\/p>\n<p>Packung zu\u00a025\u00a0St\u00fcck<\/p>\n","protected":false},"excerpt":{"rendered":"<p>Packung zu\u00a025\u00a0St\u00fcck<\/p>\n","protected":false},"featured_media":155,"template":"","meta":[],"product_cat":[35,34],"product_tag":[],"_links":{"self":[{"href":"https:\/\/www.buchstart.at\/materialien\/index.php?rest_route=\/wp\/v2\/product\/159"}],"collection":[{"href":"https:\/\/www.buchstart.at\/materialien\/index.php?rest_route=\/wp\/v2\/product"}],"about":[{"href":"https:\/\/www.buchstart.at\/materialien\/index.php?rest_route=\/wp\/v2\/types\/product"}],"wp:featuredmedia":[{"embeddable":true,"href":"https:\/\/www.buchstart.at\/materialien\/index.php?rest_route=\/wp\/v2\/media\/155"}],"wp:attachment":[{"href":"https:\/\/www.buchstart.at\/materialien\/index.php?rest_route=%2Fwp%2Fv2%2Fmedia&parent=159"}],"wp:term":[{"taxonomy":"product_cat","embeddable":true,"href":"https:\/\/www.buchstart.at\/materialien\/index.php?rest_route=%2Fwp%2Fv2%2Fproduct_cat&post=159"},{"taxonomy":"product_tag","embeddable":true,"href":"https:\/\/www.buchstart.at\/materialien\/index.php?rest_route=%2Fwp%2Fv2%2Fproduct_tag&post=159"}],"curies":[{"name":"wp","href":"https:\/\/api.w.org\/{rel}","templated":true}]}}