{"id":156,"date":"2017-06-15T19:20:50","date_gmt":"2017-06-15T17:20:50","guid":{"rendered":"http:\/\/www.buchstart.at\/materialien\/?post_type=product&#038;p=156"},"modified":"2017-08-03T12:11:38","modified_gmt":"2017-08-03T10:11:38","slug":"buchstart-tuerhaenger-25-stk","status":"publish","type":"product","link":"https:\/\/www.buchstart.at\/materialien\/?product=buchstart-tuerhaenger-25-stk","title":{"rendered":"Buchstart-T\u00fcrh\u00e4nger (25 Stk.)"},"content":{"rendered":"<p>beidseitig bedruckte T\u00fcrh\u00e4nger, 98&#215;205 mm<br \/>\ncellophaniert<\/p>\n<p>Packung zu 25\u00a0St\u00fcck<\/p>\n","protected":false},"excerpt":{"rendered":"<p>Packung zu\u00a025\u00a0St\u00fcck<\/p>\n","protected":false},"featured_media":219,"template":"","meta":[],"product_cat":[35,34],"product_tag":[],"_links":{"self":[{"href":"https:\/\/www.buchstart.at\/materialien\/index.php?rest_route=\/wp\/v2\/product\/156"}],"collection":[{"href":"https:\/\/www.buchstart.at\/materialien\/index.php?rest_route=\/wp\/v2\/product"}],"about":[{"href":"https:\/\/www.buchstart.at\/materialien\/index.php?rest_route=\/wp\/v2\/types\/product"}],"wp:featuredmedia":[{"embeddable":true,"href":"https:\/\/www.buchstart.at\/materialien\/index.php?rest_route=\/wp\/v2\/media\/219"}],"wp:attachment":[{"href":"https:\/\/www.buchstart.at\/materialien\/index.php?rest_route=%2Fwp%2Fv2%2Fmedia&parent=156"}],"wp:term":[{"taxonomy":"product_cat","embeddable":true,"href":"https:\/\/www.buchstart.at\/materialien\/index.php?rest_route=%2Fwp%2Fv2%2Fproduct_cat&post=156"},{"taxonomy":"product_tag","embeddable":true,"href":"https:\/\/www.buchstart.at\/materialien\/index.php?rest_route=%2Fwp%2Fv2%2Fproduct_tag&post=156"}],"curies":[{"name":"wp","href":"https:\/\/api.w.org\/{rel}","templated":true}]}}