{"id":138,"date":"2017-06-15T00:31:06","date_gmt":"2017-06-14T22:31:06","guid":{"rendered":"http:\/\/www.buchstart.at\/materialien\/?post_type=product&#038;p=138"},"modified":"2024-11-13T09:06:07","modified_gmt":"2024-11-13T08:06:07","slug":"biblio-bibliotheksfuehrerschein","status":"publish","type":"product","link":"https:\/\/www.buchstart.at\/materialien\/?product=biblio-bibliotheksfuehrerschein","title":{"rendered":"biblio-Bibliotheksf\u00fchrerschein (Download)"},"content":{"rendered":"<p>Mit dem biblio-Bibliotheksf\u00fchrerschein k\u00f6nnen Sie Kinder aus dem Kindergarten oder Schulanf\u00e4ngerInnen spielerisch an die Bibliothek heranf\u00fchren.<\/p>\n<p>Diese Vorlage steht Ihnen in zwei Varianten zur Verf\u00fcgung: Die Version in PDF eignet sich vor allem gut dazu, einen einzelnen Namen einzutragen und Seite f\u00fcr Seite auszudrucken. Mit der Vorlage in Winword k\u00f6nnen Sie durch Zeilenschaltungen gleich mehrere Seiten anlegen, die Datei abspeichern und an anderer Stelle bequem ausdrucken.<\/p>\n<table>\n<table border=\"0\" cellspacing=\"0\" cellpadding=\"2\">\n<tbody>\n<tr>\n<td><strong>biblio-Bibliotheksf\u00fchrerschein<\/td>\n<td><a href=\"http:\/\/www.biblio.at\/medien\/pdf\/fuehrerschein.pdf\" target=\"_blank\" rel=\"noopener\"> Version PDF herunterladen (640 KB) <\/a><br \/>\n<\/tr>\n<tr>\n<td><strong>biblio-Bibliotheksf\u00fchrerschein Impulse aus der Praxis<\/strong><\/td>\n<td colspan=\"2\"><a href=\"http:\/\/www.biblio.at\/medien\/pdf\/fuehrerschein_impulse.pdf\" target=\"_blank\" rel=\"noopener noreferrer\"> Version PDF herunterladen (720 KB) <\/a> <a href=\"https:\/\/www.biblio.at\/medien\/pdf\/fuehrerschein.doc\" target=\"_blank\" rel=\"noopener noreferrer\"> Version Windword herunterladen (960 KB)<\/td>\n<\/tr>\n<\/tbody>\n<\/table>\n","protected":false},"excerpt":{"rendered":"<p>Mit dem biblio-Bibliotheksf\u00fchrerschein k\u00f6nnen Sie Kinder aus dem Kindergarten oder Schulanf\u00e4ngerInnen spielerisch an die Bibliothek heranf\u00fchren. Diese Vorlage steht Ihnen in zwei Varianten zur Verf\u00fcgung: Die Version in PDF eignet sich vor allem gut dazu, einen einzelnen Namen einzutragen und Seite f\u00fcr Seite auszudrucken. Mit der Vorlage in Winword k\u00f6nnen Sie durch Zeilenschaltungen gleich mehrere [&hellip;]<\/p>\n","protected":false},"featured_media":140,"template":"","meta":[],"product_cat":[35,38],"product_tag":[],"_links":{"self":[{"href":"https:\/\/www.buchstart.at\/materialien\/index.php?rest_route=\/wp\/v2\/product\/138"}],"collection":[{"href":"https:\/\/www.buchstart.at\/materialien\/index.php?rest_route=\/wp\/v2\/product"}],"about":[{"href":"https:\/\/www.buchstart.at\/materialien\/index.php?rest_route=\/wp\/v2\/types\/product"}],"wp:featuredmedia":[{"embeddable":true,"href":"https:\/\/www.buchstart.at\/materialien\/index.php?rest_route=\/wp\/v2\/media\/140"}],"wp:attachment":[{"href":"https:\/\/www.buchstart.at\/materialien\/index.php?rest_route=%2Fwp%2Fv2%2Fmedia&parent=138"}],"wp:term":[{"taxonomy":"product_cat","embeddable":true,"href":"https:\/\/www.buchstart.at\/materialien\/index.php?rest_route=%2Fwp%2Fv2%2Fproduct_cat&post=138"},{"taxonomy":"product_tag","embeddable":true,"href":"https:\/\/www.buchstart.at\/materialien\/index.php?rest_route=%2Fwp%2Fv2%2Fproduct_tag&post=138"}],"curies":[{"name":"wp","href":"https:\/\/api.w.org\/{rel}","templated":true}]}}