{"id":128,"date":"2017-06-15T00:16:11","date_gmt":"2017-06-14T22:16:11","guid":{"rendered":"http:\/\/www.buchstart.at\/materialien\/?post_type=product&#038;p=128"},"modified":"2024-11-13T08:57:44","modified_gmt":"2024-11-13T07:57:44","slug":"druckvorlagen-fuer-buchstart-stabfiguren","status":"publish","type":"product","link":"https:\/\/www.buchstart.at\/materialien\/?product=druckvorlagen-fuer-buchstart-stabfiguren","title":{"rendered":"Druckvorlagen f\u00fcr Buchstart-Stabfiguren (Download)"},"content":{"rendered":"<p>Stabfiguren eignen sich besonders f\u00fcr Rollenspiele, kleine Theaterauff\u00fchrugen oder zur lebendigen Begleitung einer Kamishibaipr\u00e4sentation. Die Figuren und Zahlen aus dem &#8220;kleinen Farben-Einmaleins&#8221; k\u00f6nnen Sie ausdrucken, laminieren, ein kleiner Stab dazwischen &#8211; und schon kann es losgehen.<\/p>\n<p>A4, 14 Seiten,<br \/>\nPDF, 2 MB<br \/>\n<a href=\"http:\/\/www.biblio.at\/medien\/pdf\/Buchstart_Stabfiguren.pdf\" target=\"_blank\" rel=\"noopener noreferrer\">Download<\/a><\/p>\n","protected":false},"excerpt":{"rendered":"<p>Stabfiguren eignen sich besonders f\u00fcr Rollenspiele, kleine Theaterauff\u00fchrugen oder zur lebendigen Begleitung einer Kamishibaipr\u00e4sentation. Die Figuren und Zahlen aus dem &#8220;kleinen Farben-Einmaleins&#8221; k\u00f6nnen Sie ausdrucken, laminieren, ein kleiner Stab dazwischen &#8211; und schon kann es losgehen. A4, 14 Seiten, PDF, 2 MB Download<\/p>\n","protected":false},"featured_media":129,"template":"","meta":[],"product_cat":[38],"product_tag":[],"_links":{"self":[{"href":"https:\/\/www.buchstart.at\/materialien\/index.php?rest_route=\/wp\/v2\/product\/128"}],"collection":[{"href":"https:\/\/www.buchstart.at\/materialien\/index.php?rest_route=\/wp\/v2\/product"}],"about":[{"href":"https:\/\/www.buchstart.at\/materialien\/index.php?rest_route=\/wp\/v2\/types\/product"}],"wp:featuredmedia":[{"embeddable":true,"href":"https:\/\/www.buchstart.at\/materialien\/index.php?rest_route=\/wp\/v2\/media\/129"}],"wp:attachment":[{"href":"https:\/\/www.buchstart.at\/materialien\/index.php?rest_route=%2Fwp%2Fv2%2Fmedia&parent=128"}],"wp:term":[{"taxonomy":"product_cat","embeddable":true,"href":"https:\/\/www.buchstart.at\/materialien\/index.php?rest_route=%2Fwp%2Fv2%2Fproduct_cat&post=128"},{"taxonomy":"product_tag","embeddable":true,"href":"https:\/\/www.buchstart.at\/materialien\/index.php?rest_route=%2Fwp%2Fv2%2Fproduct_tag&post=128"}],"curies":[{"name":"wp","href":"https:\/\/api.w.org\/{rel}","templated":true}]}}