{"id":126,"date":"2017-06-15T00:12:43","date_gmt":"2017-06-14T22:12:43","guid":{"rendered":"http:\/\/www.buchstart.at\/materialien\/?post_type=product&#038;p=126"},"modified":"2024-11-13T09:06:36","modified_gmt":"2024-11-13T08:06:36","slug":"bunte-buchstart-buecherwelten","status":"publish","type":"product","link":"https:\/\/www.buchstart.at\/materialien\/?product=bunte-buchstart-buecherwelten","title":{"rendered":"Bunte Buchstart-B\u00fccherwelten (Download)"},"content":{"rendered":"<p>die von Helga Bansch gestaltete Ausmalvorlage l\u00e4dt die Kinder ein, Farbe in die himmlischen Welten des Lesens und Vorlesens zu bekommen. Eine gleicherma\u00dfen einfache wie lustige Besch\u00e4ftigung in Anschluss an Buchstart-Veranstaltungen in der Bibliothek, im Kindergarten oder zu Hause. Das Kind kann sich selbst als Lesek\u00f6nigin oder Lesek\u00f6nigin in das Bild einzeichnen.<\/p>\n<p>A4, 1 Seite, PDF<br \/>\n<a href=\"http:\/\/www.biblio.at\/medien\/pdf\/Buchstart_Malvorlage.pdf\" target=\"_blank\" rel=\"noopener noreferrer\">Download<\/a><\/p>\n","protected":false},"excerpt":{"rendered":"<p>die von Helga Bansch gestaltete Ausmalvorlage l\u00e4dt die Kinder ein, Farbe in die himmlischen Welten des Lesens und Vorlesens zu bekommen. Eine gleicherma\u00dfen einfache wie lustige Besch\u00e4ftigung in Anschluss an Buchstart-Veranstaltungen in der Bibliothek, im Kindergarten oder zu Hause. Das Kind kann sich selbst als Lesek\u00f6nigin oder Lesek\u00f6nigin in das Bild einzeichnen. A4, 1 Seite, [&hellip;]<\/p>\n","protected":false},"featured_media":127,"template":"","meta":[],"product_cat":[38],"product_tag":[],"_links":{"self":[{"href":"https:\/\/www.buchstart.at\/materialien\/index.php?rest_route=\/wp\/v2\/product\/126"}],"collection":[{"href":"https:\/\/www.buchstart.at\/materialien\/index.php?rest_route=\/wp\/v2\/product"}],"about":[{"href":"https:\/\/www.buchstart.at\/materialien\/index.php?rest_route=\/wp\/v2\/types\/product"}],"wp:featuredmedia":[{"embeddable":true,"href":"https:\/\/www.buchstart.at\/materialien\/index.php?rest_route=\/wp\/v2\/media\/127"}],"wp:attachment":[{"href":"https:\/\/www.buchstart.at\/materialien\/index.php?rest_route=%2Fwp%2Fv2%2Fmedia&parent=126"}],"wp:term":[{"taxonomy":"product_cat","embeddable":true,"href":"https:\/\/www.buchstart.at\/materialien\/index.php?rest_route=%2Fwp%2Fv2%2Fproduct_cat&post=126"},{"taxonomy":"product_tag","embeddable":true,"href":"https:\/\/www.buchstart.at\/materialien\/index.php?rest_route=%2Fwp%2Fv2%2Fproduct_tag&post=126"}],"curies":[{"name":"wp","href":"https:\/\/api.w.org\/{rel}","templated":true}]}}