{"id":125,"date":"2017-06-15T00:10:32","date_gmt":"2017-06-14T22:10:32","guid":{"rendered":"http:\/\/www.buchstart.at\/materialien\/?post_type=product&#038;p=125"},"modified":"2024-11-13T09:06:54","modified_gmt":"2024-11-13T08:06:54","slug":"mio-maus-als-handpuppe-zum-selbernaehen","status":"publish","type":"product","link":"https:\/\/www.buchstart.at\/materialien\/?product=mio-maus-als-handpuppe-zum-selbernaehen","title":{"rendered":"Mio Maus als Handpuppe zum Selbern\u00e4hen (Download)"},"content":{"rendered":"<p>Als Handpuppe kann Mio auch mit gr\u00f6\u00dferen Kindergruppen sprechen und sie lebendig in die Welt der B\u00fccher begleiten. Helga Bansch hat uns eine Vorlage und einen Schnittbogen zum Selbern\u00e4hen erstellt. Achtung! Unbedingt unverkleinert in A3 ausdrucken.<\/p>\n<p>A3, 2 Seiten, PDF<br \/>\n<a href=\"http:\/\/www.biblio.at\/medien\/pdf\/Buchstart_Mio_Handpuppe.pdf\" target=\"_blank\" rel=\"noopener noreferrer\">Download<\/a><\/p>\n<p>&nbsp;<\/p>\n","protected":false},"excerpt":{"rendered":"<p>Als Handpuppe kann Mio auch mit gr\u00f6\u00dferen Kindergruppen sprechen und sie lebendig in die Welt der B\u00fccher begleiten. Helga Bansch hat uns eine Vorlage und einen Schnittbogen zum Selbern\u00e4hen erstellt. Achtung! Unbedingt unverkleinert in A3 ausdrucken. A3, 2 Seiten, PDF Download &nbsp;<\/p>\n","protected":false},"featured_media":123,"template":"","meta":[],"product_cat":[35,38],"product_tag":[],"_links":{"self":[{"href":"https:\/\/www.buchstart.at\/materialien\/index.php?rest_route=\/wp\/v2\/product\/125"}],"collection":[{"href":"https:\/\/www.buchstart.at\/materialien\/index.php?rest_route=\/wp\/v2\/product"}],"about":[{"href":"https:\/\/www.buchstart.at\/materialien\/index.php?rest_route=\/wp\/v2\/types\/product"}],"wp:featuredmedia":[{"embeddable":true,"href":"https:\/\/www.buchstart.at\/materialien\/index.php?rest_route=\/wp\/v2\/media\/123"}],"wp:attachment":[{"href":"https:\/\/www.buchstart.at\/materialien\/index.php?rest_route=%2Fwp%2Fv2%2Fmedia&parent=125"}],"wp:term":[{"taxonomy":"product_cat","embeddable":true,"href":"https:\/\/www.buchstart.at\/materialien\/index.php?rest_route=%2Fwp%2Fv2%2Fproduct_cat&post=125"},{"taxonomy":"product_tag","embeddable":true,"href":"https:\/\/www.buchstart.at\/materialien\/index.php?rest_route=%2Fwp%2Fv2%2Fproduct_tag&post=125"}],"curies":[{"name":"wp","href":"https:\/\/api.w.org\/{rel}","templated":true}]}}