{"id":122,"date":"2017-06-15T00:08:38","date_gmt":"2017-06-14T22:08:38","guid":{"rendered":"http:\/\/www.buchstart.at\/materialien\/?post_type=product&#038;p=122"},"modified":"2024-12-23T07:51:19","modified_gmt":"2024-12-23T06:51:19","slug":"mio-maus-handpuppe","status":"publish","type":"product","link":"https:\/\/www.buchstart.at\/materialien\/?product=mio-maus-handpuppe","title":{"rendered":"Mio Maus Handpuppe"},"content":{"rendered":"<p>Als Handpuppe kann Mio auch mit gr\u00f6\u00dferen Kindergruppen sprechen und sie lebendig in die Welt der B\u00fccher begleiten.<\/p>\n","protected":false},"excerpt":{"rendered":"<p>Als Handpuppe kann Mio auch mit gr\u00f6\u00dferen Kindergruppen sprechen und sie lebendig in die Welt der B\u00fccher begleiten.<\/p>\n","protected":false},"featured_media":124,"template":"","meta":[],"product_cat":[35],"product_tag":[],"_links":{"self":[{"href":"https:\/\/www.buchstart.at\/materialien\/index.php?rest_route=\/wp\/v2\/product\/122"}],"collection":[{"href":"https:\/\/www.buchstart.at\/materialien\/index.php?rest_route=\/wp\/v2\/product"}],"about":[{"href":"https:\/\/www.buchstart.at\/materialien\/index.php?rest_route=\/wp\/v2\/types\/product"}],"wp:featuredmedia":[{"embeddable":true,"href":"https:\/\/www.buchstart.at\/materialien\/index.php?rest_route=\/wp\/v2\/media\/124"}],"wp:attachment":[{"href":"https:\/\/www.buchstart.at\/materialien\/index.php?rest_route=%2Fwp%2Fv2%2Fmedia&parent=122"}],"wp:term":[{"taxonomy":"product_cat","embeddable":true,"href":"https:\/\/www.buchstart.at\/materialien\/index.php?rest_route=%2Fwp%2Fv2%2Fproduct_cat&post=122"},{"taxonomy":"product_tag","embeddable":true,"href":"https:\/\/www.buchstart.at\/materialien\/index.php?rest_route=%2Fwp%2Fv2%2Fproduct_tag&post=122"}],"curies":[{"name":"wp","href":"https:\/\/api.w.org\/{rel}","templated":true}]}}