{"id":117,"date":"2017-06-15T00:03:25","date_gmt":"2017-06-14T22:03:25","guid":{"rendered":"http:\/\/www.buchstart.at\/materialien\/?post_type=product&#038;p=117"},"modified":"2026-01-05T09:00:17","modified_gmt":"2026-01-05T08:00:17","slug":"mio-maus-als-handgestrickte-fingerpuppe","status":"publish","type":"product","link":"https:\/\/www.buchstart.at\/materialien\/?product=mio-maus-als-handgestrickte-fingerpuppe","title":{"rendered":"Mio Maus als handgestrickte Fingerpuppe"},"content":{"rendered":"<p><strong><span style=\"color: #ff0000;\"><br \/>\n<\/span><\/strong>Diese wundersch\u00f6nen handgefertigten Fingerpuppen wurden f\u00fcr unser Projekt von peruanischen Frauen handgestrickt und \u00fcber <a href=\"http:\/\/www.eza.cc\/\" target=\"_blank\" rel=\"noopener noreferrer\">eza<\/a> fair gehandelt. Damit haben Sie individuell gestaltete Begleiter in die Welt der B\u00fccher bzw. wundersch\u00f6ne Geschenke f\u00fcr Ihre Buchstart-Aktivit\u00e4ten.<\/p>\n<p>Packung zu 5 St\u00fcck<\/p>\n","protected":false},"excerpt":{"rendered":"<p>Packung zu 5 St\u00fcck<\/p>\n","protected":false},"featured_media":118,"template":"","meta":[],"product_cat":[35],"product_tag":[],"_links":{"self":[{"href":"https:\/\/www.buchstart.at\/materialien\/index.php?rest_route=\/wp\/v2\/product\/117"}],"collection":[{"href":"https:\/\/www.buchstart.at\/materialien\/index.php?rest_route=\/wp\/v2\/product"}],"about":[{"href":"https:\/\/www.buchstart.at\/materialien\/index.php?rest_route=\/wp\/v2\/types\/product"}],"wp:featuredmedia":[{"embeddable":true,"href":"https:\/\/www.buchstart.at\/materialien\/index.php?rest_route=\/wp\/v2\/media\/118"}],"wp:attachment":[{"href":"https:\/\/www.buchstart.at\/materialien\/index.php?rest_route=%2Fwp%2Fv2%2Fmedia&parent=117"}],"wp:term":[{"taxonomy":"product_cat","embeddable":true,"href":"https:\/\/www.buchstart.at\/materialien\/index.php?rest_route=%2Fwp%2Fv2%2Fproduct_cat&post=117"},{"taxonomy":"product_tag","embeddable":true,"href":"https:\/\/www.buchstart.at\/materialien\/index.php?rest_route=%2Fwp%2Fv2%2Fproduct_tag&post=117"}],"curies":[{"name":"wp","href":"https:\/\/api.w.org\/{rel}","templated":true}]}}