{"id":1000,"date":"2019-12-09T17:41:14","date_gmt":"2019-12-09T16:41:14","guid":{"rendered":"http:\/\/www.buchstart.at\/materialien\/?post_type=product&#038;p=1000"},"modified":"2024-11-13T09:01:29","modified_gmt":"2024-11-13T08:01:29","slug":"bilderbuchkino-sternenbote","status":"publish","type":"product","link":"https:\/\/www.buchstart.at\/materialien\/?product=bilderbuchkino-sternenbote","title":{"rendered":"Bilderbuchkino &#8220;Sternenbote&#8221; (Download)"},"content":{"rendered":"<p>F\u00fcr die Mitgliedsbibliotheken des \u00d6sterreichischen Bibliothekswerks steht das Bilderbuchkino zu &#8220;Sternenbote&#8221; von Reinhard Ehgartner und Linda Wolfsgruber kostenlos zum Download bereit.<\/p>\n<p>Das Bilderbuchkino bietet nur die Illustrationen. Um den Vorleseprozess nicht zu st\u00f6ren, wird der Text ausgespart.<\/p>\n<p>Die PDF ist passwortgesch\u00fctzt &#8211; Mitgliedsbibliotheken k\u00f6nnen das zugeh\u00f6rige Passwort anfordern unter <a href=\"mailto:biblio@biblio.at?subject=Passwort%20Sternenbote\">biblio@biblio.at<\/a><\/p>\n<p>Download unter: <a href=\"http:\/\/www.biblio.at\/medien\/pdf\/Sternenbote-biblio.pdf\">http:\/\/www.biblio.at\/medien\/pdf\/Sternenbote-biblio.pdf<\/a><\/p>\n<p>&nbsp;<\/p>\n","protected":false},"excerpt":{"rendered":"<p>F\u00fcr die Mitgliedsbibliotheken des \u00d6sterreichischen Bibliothekswerks steht das Bilderbuchkino zu &#8220;Sternenbote&#8221; von Reinhard Ehgartner und Linda Wolfsgruber kostenlos zum Download bereit. Das Bilderbuchkino bietet nur die Illustrationen. Um den Vorleseprozess nicht zu st\u00f6ren, wird der Text ausgespart. Die PDF ist passwortgesch\u00fctzt &#8211; Mitgliedsbibliotheken k\u00f6nnen das zugeh\u00f6rige Passwort anfordern unter biblio@biblio.at Download unter: http:\/\/www.biblio.at\/medien\/pdf\/Sternenbote-biblio.pdf &nbsp;<\/p>\n","protected":false},"featured_media":1003,"template":"","meta":[],"product_cat":[78,52,38],"product_tag":[65,66,63,64],"_links":{"self":[{"href":"https:\/\/www.buchstart.at\/materialien\/index.php?rest_route=\/wp\/v2\/product\/1000"}],"collection":[{"href":"https:\/\/www.buchstart.at\/materialien\/index.php?rest_route=\/wp\/v2\/product"}],"about":[{"href":"https:\/\/www.buchstart.at\/materialien\/index.php?rest_route=\/wp\/v2\/types\/product"}],"wp:featuredmedia":[{"embeddable":true,"href":"https:\/\/www.buchstart.at\/materialien\/index.php?rest_route=\/wp\/v2\/media\/1003"}],"wp:attachment":[{"href":"https:\/\/www.buchstart.at\/materialien\/index.php?rest_route=%2Fwp%2Fv2%2Fmedia&parent=1000"}],"wp:term":[{"taxonomy":"product_cat","embeddable":true,"href":"https:\/\/www.buchstart.at\/materialien\/index.php?rest_route=%2Fwp%2Fv2%2Fproduct_cat&post=1000"},{"taxonomy":"product_tag","embeddable":true,"href":"https:\/\/www.buchstart.at\/materialien\/index.php?rest_route=%2Fwp%2Fv2%2Fproduct_tag&post=1000"}],"curies":[{"name":"wp","href":"https:\/\/api.w.org\/{rel}","templated":true}]}}