{"id":16,"date":"2017-05-05T04:32:00","date_gmt":"2017-05-05T02:32:00","guid":{"rendered":"http:\/\/www.buchstart.at\/materialien\/versandarten\/"},"modified":"2025-10-27T12:38:10","modified_gmt":"2025-10-27T11:38:10","slug":"versandarten","status":"publish","type":"page","link":"https:\/\/www.buchstart.at\/materialien\/?page_id=16","title":{"rendered":"Versandkosten"},"content":{"rendered":"<p>Der Versand erfolgt in der Regel 1-3 Werktage nach Eingang Ihrer Bestellung durch die \u00d6sterreichische Post AG zu den nachfolgenden Versandkosten. Alle angegebenen Preise gelten f\u00fcr den Versand in \u00d6sterreich. F\u00fcr den Versand ins Ausland gelten andere Konditionen.<\/p>\n<p style=\"text-align: left; padding-left: 280px;\">\u00a0 bis 4 kg\u00a0 &#8211;\u00a0 \u00a06,90 \u20ac<br \/>\nbis 12 kg\u00a0 &#8211;\u00a0 \u00a09,50 \u20ac<br \/>\nbis 31 kg\u00a0 &#8211; 16,10 \u20ac<\/p>\n","protected":false},"excerpt":{"rendered":"<p>Der Versand erfolgt in der Regel 1-3 Werktage nach Eingang Ihrer Bestellung durch die \u00d6sterreichische Post AG zu den nachfolgenden Versandkosten. Alle angegebenen Preise gelten f\u00fcr den Versand in \u00d6sterreich. F\u00fcr den Versand ins Ausland gelten andere Konditionen. \u00a0 bis 4 kg\u00a0 &#8211;\u00a0 \u00a06,90 \u20ac bis 12 kg\u00a0 &#8211;\u00a0 \u00a09,50 \u20ac bis 31 kg\u00a0 &#8211; [&hellip;]<\/p>\n","protected":false},"author":1,"featured_media":0,"parent":0,"menu_order":0,"comment_status":"closed","ping_status":"closed","template":"","meta":[],"_links":{"self":[{"href":"https:\/\/www.buchstart.at\/materialien\/index.php?rest_route=\/wp\/v2\/pages\/16"}],"collection":[{"href":"https:\/\/www.buchstart.at\/materialien\/index.php?rest_route=\/wp\/v2\/pages"}],"about":[{"href":"https:\/\/www.buchstart.at\/materialien\/index.php?rest_route=\/wp\/v2\/types\/page"}],"author":[{"embeddable":true,"href":"https:\/\/www.buchstart.at\/materialien\/index.php?rest_route=\/wp\/v2\/users\/1"}],"replies":[{"embeddable":true,"href":"https:\/\/www.buchstart.at\/materialien\/index.php?rest_route=%2Fwp%2Fv2%2Fcomments&post=16"}],"version-history":[{"count":8,"href":"https:\/\/www.buchstart.at\/materialien\/index.php?rest_route=\/wp\/v2\/pages\/16\/revisions"}],"predecessor-version":[{"id":3235,"href":"https:\/\/www.buchstart.at\/materialien\/index.php?rest_route=\/wp\/v2\/pages\/16\/revisions\/3235"}],"wp:attachment":[{"href":"https:\/\/www.buchstart.at\/materialien\/index.php?rest_route=%2Fwp%2Fv2%2Fmedia&parent=16"}],"curies":[{"name":"wp","href":"https:\/\/api.w.org\/{rel}","templated":true}]}}