{"id":14,"date":"2017-05-05T04:32:00","date_gmt":"2017-05-05T02:32:00","guid":{"rendered":"http:\/\/www.buchstart.at\/materialien\/agb\/"},"modified":"2024-10-30T15:28:48","modified_gmt":"2024-10-30T14:28:48","slug":"agb","status":"publish","type":"page","link":"https:\/\/www.buchstart.at\/materialien\/?page_id=14","title":{"rendered":"AGB"},"content":{"rendered":"<p><strong>\u00a7 1 Grundlegende Bestimmungen<\/strong><\/p>\n<p>1) Die nachstehenden Gesch\u00e4ftsbedingungen gelten f\u00fcr Vertr\u00e4ge die \u00fcber https:\/\/www.buchstart.at\/materialien geschlossen werden. Soweit nicht anders vereinbart, wird\u00a0eigens\u00a0von Ihnen verwendeten Bedingungen widersprochen.<\/p>\n<p>2)\u00a0Die Bestellung auf dieser Seite ist ausschlie\u00dflich den Mitgliedsbibliotheken des \u00d6sterreichischen Bibliothekswerks vorbehalten.<\/p>\n<p><strong>\u00a7 2 Zustandekommen des Vertrages<\/strong><\/p>\n<p>1) Vertragsgegenstand ist der Verkauf von Waren.<\/p>\n<p>2) Mit der Bereitstellung eines Produktes in unserem Shop unterbreiten wir unseren Kunden\u00a0ein verbindliches Angebot zum Abschluss eines Kaufvertrages.<\/p>\n<p>3)\u00a0Alle zum Kauf beabsichtigten Produkte werden vom Kunden im \u201eWarenkorb\u201c\u00a0abgelegt.\u00a0Nach Eingabe der pers\u00f6nlichen Daten und Zahlungsinformationen hat der Kunde die M\u00f6glichkeit alle eingegebenen Informationen zu \u00fcberpr\u00fcfen.\u00a0Mit dem Absenden der Bestellung durch Klick auf die daf\u00fcr vorgesehene Schaltfl\u00e4che erkl\u00e4rt der Kunde rechtsverbindlich die Annahme des Angebotes. Damit ist der Kaufvertrag zustande gekommen. Nach Eingabe aller erforderlichen Daten wird der Kunde abschlie\u00dfend zur\u00fcck in unseren Shop geleitet.<\/p>\n<p>4) Die \u00dcbermittlung aller Informationen im Zusammenhang mit dem Vertragsschluss erfolgt automatisiert per E-Mail. Der Kunde hat daher sicherzustellen, dass die bei uns hinterlegte E-Mail-Adresse erreichbar ist.<\/p>\n<p><strong>\u00a7 3 Eigentumsvorbehalt und\u00a0Zur\u00fcckbehaltungsrecht<\/strong><\/p>\n<p>1) Ein Zur\u00fcckbehaltungsrecht kann vom Kunden nur dann ausge\u00fcbt werden, sofern es nicht Forderungen aus selbigem Vertragsverh\u00e4ltnis sind.<\/p>\n<p>2) Bis zur vollst\u00e4ndigen Zahlung des Kaufpreises bleibt die Ware Eigentum des Shop-Betreibers.<\/p>\n<p><strong>\u00a7 4 Bestimmungen zur Haftung<\/strong><\/p>\n<p>1) Es erfolgt keine Haftung f\u00fcr die stetige Verf\u00fcgbarkeit dieser Website und der darauf angebotenen Waren.<\/p>\n<p><strong>\u00a7 5 Rechtswahl<\/strong><\/p>\n<p>1) Es gilt \u00f6sterreichisches Recht.<\/p>\n<p><strong>\u00a7 6\u00a0Streitbeilegung<\/strong><\/p>\n<p>1) Die Europ\u00e4ische Kommission stellt f\u00fcr die au\u00dfergerichtliche Online-Streitbeilegung eine Plattform bereit (OS-Plattform), die unter\u00a0<a href=\"http:\/\/ec.europa.eu\/odr\" target=\"_blank\" rel=\"noopener noreferrer\">http:\/\/ec.europa.eu\/odr<\/a>\u00a0abrufbar ist.<\/p>\n<p><strong>\u00a7 7 Vertragssprache, Vertragstextspeicherung<\/strong><\/p>\n<p>1)\u00a0\u00a0Vertragssprache ist deutsch.<\/p>\n<p><strong>\u00a7 8\u00a0Preise und Zahlungsmodalit\u00e4ten\u00a0Merkmale der Waren<\/strong><\/p>\n<p>1) Die ausgewiesenen Preise sowie die Versandkosten stellen Brutto-Preise dar.<\/p>\n<p>2) Versandkosten sind nicht im Kaufpreis enthalten. Sie werden nach Eingang der Bestellung berechnet und erfolgen\u00a0 bei der \u00d6sterreichischen Post AG.<\/p>\n<p>3) Die zur Verf\u00fcgung stehenden Zahlungsmethoden sind auf unserer Webseite oder in der jeweiligen Artikelbeschreibung ausgewiesen, sp\u00e4testens aber im abschlie\u00dfenden Bestellprozess an der \u201eKasse\u201c genannt.<\/p>\n<p>4) Die wesentlichen Merkmale der Ware und\/oder Dienstleistung finden sich in der Artikelbeschreibung und den erg\u00e4nzenden Angaben auf unserer Internetseite.<\/p>\n<p><strong>\u00a7 9\u00a0Lieferbedingungen<\/strong><\/p>\n<p>1) Lieferbedingungen, Lieferzeit sowie ggf. bestehende Beschr\u00e4nkungen zur Lieferung finden sich unter dem \u00a0entsprechend bezeichneten Link in unserem Onlineshop.<\/p>\n","protected":false},"excerpt":{"rendered":"<p>\u00a7 1 Grundlegende Bestimmungen 1) Die nachstehenden Gesch\u00e4ftsbedingungen gelten f\u00fcr Vertr\u00e4ge die \u00fcber https:\/\/www.buchstart.at\/materialien geschlossen werden. Soweit nicht anders vereinbart, wird\u00a0eigens\u00a0von Ihnen verwendeten Bedingungen widersprochen. 2)\u00a0Die Bestellung auf dieser Seite ist ausschlie\u00dflich den Mitgliedsbibliotheken des \u00d6sterreichischen Bibliothekswerks vorbehalten. \u00a7 2 Zustandekommen des Vertrages 1) Vertragsgegenstand ist der Verkauf von Waren. 2) Mit der Bereitstellung eines [&hellip;]<\/p>\n","protected":false},"author":1,"featured_media":0,"parent":0,"menu_order":0,"comment_status":"closed","ping_status":"closed","template":"","meta":[],"_links":{"self":[{"href":"https:\/\/www.buchstart.at\/materialien\/index.php?rest_route=\/wp\/v2\/pages\/14"}],"collection":[{"href":"https:\/\/www.buchstart.at\/materialien\/index.php?rest_route=\/wp\/v2\/pages"}],"about":[{"href":"https:\/\/www.buchstart.at\/materialien\/index.php?rest_route=\/wp\/v2\/types\/page"}],"author":[{"embeddable":true,"href":"https:\/\/www.buchstart.at\/materialien\/index.php?rest_route=\/wp\/v2\/users\/1"}],"replies":[{"embeddable":true,"href":"https:\/\/www.buchstart.at\/materialien\/index.php?rest_route=%2Fwp%2Fv2%2Fcomments&post=14"}],"version-history":[{"count":2,"href":"https:\/\/www.buchstart.at\/materialien\/index.php?rest_route=\/wp\/v2\/pages\/14\/revisions"}],"predecessor-version":[{"id":2812,"href":"https:\/\/www.buchstart.at\/materialien\/index.php?rest_route=\/wp\/v2\/pages\/14\/revisions\/2812"}],"wp:attachment":[{"href":"https:\/\/www.buchstart.at\/materialien\/index.php?rest_route=%2Fwp%2Fv2%2Fmedia&parent=14"}],"curies":[{"name":"wp","href":"https:\/\/api.w.org\/{rel}","templated":true}]}}