{"id":12,"date":"2017-05-05T04:32:00","date_gmt":"2017-05-05T02:32:00","guid":{"rendered":"http:\/\/www.buchstart.at\/materialien\/datenschutzbelehrung\/"},"modified":"2017-08-01T08:39:48","modified_gmt":"2017-08-01T06:39:48","slug":"datenschutzbelehrung","status":"publish","type":"page","link":"https:\/\/www.buchstart.at\/materialien\/?page_id=12","title":{"rendered":"Datenschutzbelehrung"},"content":{"rendered":"<p>Das \u00d6sterreichische Bibliothekswerk\u00a0geht mit Ihren pers\u00f6nlichen Daten sehr verantwortungsvoll um. Die nachstehende Datenschutzerkl\u00e4rung soll Ihnen einen \u00dcberblick geben, was mit den Daten passiert und welche Schutz wir anbieten.<\/p>\n<h3>Datenschutzerkl\u00e4rung<\/h3>\n<p><strong>Gegenstand der Datenschutzerkl\u00e4rung<\/strong><\/p>\n<p><strong>Diese Erkl\u00e4rung bezieht sich auf die Daten, die durch den Besuch unserer Webseite bekannt werden und informiert dar\u00fcber, wie mit den Daten umgegangen wird. Ein Datenaustausch mit anderen Firmen erfolgt nicht, wodurch die Datenschutzerkl\u00e4rung auf Ihren Besuch unserer Webseite beschr\u00e4nkt bleibt.<\/strong><\/p>\n<h3>Pers\u00f6nliche Daten und ihre Anwendung<\/h3>\n<p>Wenn Sie bei uns bestellen, k\u00f6nnen Sie ein Kundenkonto erstellen. Dieses Kundenkonto beinhaltet pers\u00f6nliche Daten wie den Namen, die Anschrift oder die E-Mail-Adresse. Die Daten werden in unserer Datenbank zwecks sp\u00e4terer Verarbeitung beim Einloggen gespeichert.<\/p>\n<h3>Weitergabe der Daten<\/h3>\n<p>Die Daten, die wir von Ihnen erhalten haben, werden nicht an Dritte weitergegeben. Da der Versand von uns direkt erfolgt, gibt es keine Veranlassung, Ihre pers\u00f6nlichen Daten weiterzuleiten.<\/p>\n<p>&nbsp;<\/p>\n","protected":false},"excerpt":{"rendered":"<p>Das \u00d6sterreichische Bibliothekswerk\u00a0geht mit Ihren pers\u00f6nlichen Daten sehr verantwortungsvoll um. Die nachstehende Datenschutzerkl\u00e4rung soll Ihnen einen \u00dcberblick geben, was mit den Daten passiert und welche Schutz wir anbieten. Datenschutzerkl\u00e4rung Gegenstand der Datenschutzerkl\u00e4rung Diese Erkl\u00e4rung bezieht sich auf die Daten, die durch den Besuch unserer Webseite bekannt werden und informiert dar\u00fcber, wie mit den Daten umgegangen [&hellip;]<\/p>\n","protected":false},"author":1,"featured_media":0,"parent":0,"menu_order":0,"comment_status":"closed","ping_status":"closed","template":"","meta":[],"_links":{"self":[{"href":"https:\/\/www.buchstart.at\/materialien\/index.php?rest_route=\/wp\/v2\/pages\/12"}],"collection":[{"href":"https:\/\/www.buchstart.at\/materialien\/index.php?rest_route=\/wp\/v2\/pages"}],"about":[{"href":"https:\/\/www.buchstart.at\/materialien\/index.php?rest_route=\/wp\/v2\/types\/page"}],"author":[{"embeddable":true,"href":"https:\/\/www.buchstart.at\/materialien\/index.php?rest_route=\/wp\/v2\/users\/1"}],"replies":[{"embeddable":true,"href":"https:\/\/www.buchstart.at\/materialien\/index.php?rest_route=%2Fwp%2Fv2%2Fcomments&post=12"}],"version-history":[{"count":2,"href":"https:\/\/www.buchstart.at\/materialien\/index.php?rest_route=\/wp\/v2\/pages\/12\/revisions"}],"predecessor-version":[{"id":255,"href":"https:\/\/www.buchstart.at\/materialien\/index.php?rest_route=\/wp\/v2\/pages\/12\/revisions\/255"}],"wp:attachment":[{"href":"https:\/\/www.buchstart.at\/materialien\/index.php?rest_route=%2Fwp%2Fv2%2Fmedia&parent=12"}],"curies":[{"name":"wp","href":"https:\/\/api.w.org\/{rel}","templated":true}]}}